{"id":288,"date":"2025-01-28T19:40:55","date_gmt":"2025-01-28T17:40:55","guid":{"rendered":"https:\/\/linduistics.fi\/yhteys\/"},"modified":"2025-02-24T16:22:17","modified_gmt":"2025-02-24T14:22:17","slug":"kontakt","status":"publish","type":"page","link":"https:\/\/linduistics.fi\/sv\/kontakt\/","title":{"rendered":"Tag kontakt"},"content":{"rendered":"<section class=\"l-section wpb_row us_custom_02441ba5 height_large color_primary with_img\"><div class=\"l-section-img\" role=\"img\" aria-label=\"Bild\" data-img-width=\"1920\" data-img-height=\"1080\" style=\"background-image: url(https:\/\/linduistics.fi\/wp-content\/uploads\/linduistics-yhteys.jpg);background-position: center left;background-repeat: no-repeat;\"><\/div><div class=\"l-section-overlay\" style=\"background:rgba(0,0,0,0.50)\"><\/div><div class=\"l-section-h i-cf\"><div class=\"g-cols vc_row via_flex valign_middle type_default stacking_default\"><div class=\"vc_col-sm-12 wpb_column vc_column_container\"><div class=\"vc_column-inner\"><div class=\"wpb_wrapper\"><div class=\"w-separator hide_on_default hide_on_laptops size_custom\" style=\"height:70px\" id=\"v281\"><style>@media(max-width:1024px){ #v281{height:20px!important}}<\/style><\/div><div class=\"wpb_text_column ingressi\"><div class=\"wpb_wrapper\"><p style=\"text-align: center;\">Blev du intresserad av v\u00e5ra skolningar?<\/p>\n<\/div><\/div><h1 class=\"w-text us_custom_572bdab6\"><span class=\"w-text-h\"><span class=\"w-text-value\">Tag kontakt<\/span><\/span><\/h1><\/div><\/div><\/div><\/div><\/div><\/section><section class=\"l-section wpb_row height_large color_alternate with_img\" id=\"tarjous\"><div class=\"l-section-img\" role=\"img\" aria-label=\"Bild\" data-img-width=\"1920\" data-img-height=\"1080\" style=\"background-image: url(https:\/\/linduistics.fi\/wp-content\/uploads\/bg.png);background-position: top right;background-repeat: no-repeat;background-size: auto;\"><\/div><div class=\"l-section-h i-cf\"><div class=\"g-cols vc_row via_flex valign_top type_default stacking_default\"><div class=\"vc_col-sm-12 vc_col-lg-4 vc_col-md-4 wpb_column vc_column_container\"><div class=\"vc_column-inner\"><div class=\"wpb_wrapper\"><h2 class=\"w-text\"><span class=\"w-text-h\"><span class=\"w-text-value\">Linduistics<\/span><\/span><\/h2><div class=\"wpb_text_column\"><div class=\"wpb_wrapper\"><p><b>Kontaktinformation:<br \/>\n<\/b>Kim Lind\u00e9n<br \/>\n040 581 0986<br \/>\n<a href=\"mailto:kim@linduistics.fi\">kim@linduistics.fi<\/a><\/p>\n<\/div><\/div><\/div><\/div><\/div><div class=\"vc_col-sm-12 vc_col-lg-8 vc_col-md-8 wpb_column vc_column_container\"><div class=\"vc_column-inner\"><div class=\"wpb_wrapper\"><div class=\"wpb_text_column\"><div class=\"wpb_wrapper\"><p><strong>Tag kontakt<\/strong> och be om en offert f\u00f6r v\u00e5ra spr\u00e5kutbildningar. Vi skr\u00e4ddarsyr alltid v\u00e5ra utbildningar enligt dina m\u00e5l och din studietakt. L\u00e4mna ett meddelande s\u00e5 tar vi kontakt inom kort.<\/p>\n<\/div><\/div><div class=\"w-separator size_medium\"><\/div>\n<div class=\"wpcf7 no-js\" id=\"wpcf7-f292-o1\" lang=\"sv-SE\" dir=\"ltr\" data-wpcf7-id=\"292\">\n<div class=\"screen-reader-response\"><p role=\"status\" aria-live=\"polite\" aria-atomic=\"true\"><\/p> <ul><\/ul><\/div>\n<form action=\"\/sv\/wp-json\/wp\/v2\/pages\/288#wpcf7-f292-o1\" method=\"post\" class=\"wpcf7-form init\" aria-label=\"Kontaktformul\u00e4r\" novalidate=\"novalidate\" data-status=\"init\">\n<fieldset class=\"hidden-fields-container\"><input type=\"hidden\" name=\"_wpcf7\" value=\"292\" \/><input type=\"hidden\" name=\"_wpcf7_version\" value=\"6.1.3\" \/><input type=\"hidden\" name=\"_wpcf7_locale\" value=\"sv_SE\" \/><input type=\"hidden\" name=\"_wpcf7_unit_tag\" value=\"wpcf7-f292-o1\" \/><input type=\"hidden\" name=\"_wpcf7_container_post\" value=\"0\" \/><input type=\"hidden\" name=\"_wpcf7_posted_data_hash\" value=\"\" \/>\n<\/fieldset>\n<p><label><span class=\"wpcf7-form-control-wrap\" data-name=\"Nimi\"><input size=\"40\" maxlength=\"400\" class=\"wpcf7-form-control wpcf7-text wpcf7-validates-as-required\" aria-required=\"true\" aria-invalid=\"false\" placeholder=\"Namn*\" value=\"\" type=\"text\" name=\"Nimi\" \/><\/span><\/label>\n<\/p>\n<p><label><span class=\"wpcf7-form-control-wrap\" data-name=\"Shkposti\"><input size=\"40\" maxlength=\"400\" class=\"wpcf7-form-control wpcf7-email wpcf7-validates-as-required wpcf7-text wpcf7-validates-as-email\" aria-required=\"true\" aria-invalid=\"false\" placeholder=\"E-post*\" value=\"\" type=\"email\" name=\"Shkposti\" \/><\/span><\/label>\n<\/p>\n<p><label><span class=\"wpcf7-form-control-wrap\" data-name=\"Puhelin\"><input size=\"40\" maxlength=\"400\" class=\"wpcf7-form-control wpcf7-text\" aria-invalid=\"false\" placeholder=\"Telefon\" value=\"\" type=\"text\" name=\"Puhelin\" \/><\/span><\/label>\n<\/p>\n<p><label><span class=\"wpcf7-form-control-wrap\" data-name=\"Viesti\"><textarea cols=\"40\" rows=\"10\" maxlength=\"2000\" class=\"wpcf7-form-control wpcf7-textarea wpcf7-validates-as-required\" aria-required=\"true\" aria-invalid=\"false\" placeholder=\"Meddelande*\" name=\"Viesti\"><\/textarea><\/span><\/label>\n<\/p>\n<p><input class=\"wpcf7-form-control wpcf7-submit has-spinner\" type=\"submit\" value=\"S\u00e4nd\" \/>\n<\/p><div class=\"wpcf7-response-output\" aria-hidden=\"true\"><\/div>\n<\/form>\n<\/div>\n<\/div><\/div><\/div><\/div><\/div><\/section>\n","protected":false},"excerpt":{"rendered":"Blev du intresserad av v\u00e5ra skolningar? Tag kontaktLinduisticsKontaktinformation: Kim Lind\u00e9n 040 581 0986 kim@linduistics.fi Tag kontakt och be om en offert f\u00f6r v\u00e5ra spr\u00e5kutbildningar. Vi skr\u00e4ddarsyr alltid v\u00e5ra utbildningar enligt dina m\u00e5l och din studietakt. L\u00e4mna ett meddelande s\u00e5 tar vi kontakt inom kort.","protected":false},"author":1,"featured_media":272,"parent":0,"menu_order":8,"comment_status":"closed","ping_status":"closed","template":"","meta":{"footnotes":""},"class_list":["post-288","page","type-page","status-publish","has-post-thumbnail","hentry"],"yoast_head":"<!-- This site is optimized with the Yoast SEO plugin v26.3 - https:\/\/yoast.com\/wordpress\/plugins\/seo\/ -->\n<title>Tag kontakt - Linduistics<\/title>\n<meta name=\"description\" content=\"Tag kontakt och be om en offert f\u00f6r v\u00e5ra spr\u00e5kutbildningar. Vi skr\u00e4ddarsyr alltid v\u00e5ra utbildningar enligt dina m\u00e5l och din studietakt.\" \/>\n<meta name=\"robots\" content=\"index, follow, max-snippet:-1, max-image-preview:large, max-video-preview:-1\" \/>\n<link rel=\"canonical\" href=\"https:\/\/linduistics.fi\/sv\/kontakt\/\" \/>\n<meta property=\"og:locale\" content=\"sv_SE\" \/>\n<meta property=\"og:type\" content=\"article\" \/>\n<meta property=\"og:title\" content=\"Tag kontakt - Linduistics\" \/>\n<meta property=\"og:description\" content=\"Tag kontakt och be om en offert f\u00f6r v\u00e5ra spr\u00e5kutbildningar. Vi skr\u00e4ddarsyr alltid v\u00e5ra utbildningar enligt dina m\u00e5l och din studietakt.\" \/>\n<meta property=\"og:url\" content=\"https:\/\/linduistics.fi\/sv\/kontakt\/\" \/>\n<meta property=\"og:site_name\" content=\"Linduistics\" \/>\n<meta property=\"article:modified_time\" content=\"2025-02-24T14:22:17+00:00\" \/>\n<meta property=\"og:image\" content=\"https:\/\/linduistics.fi\/wp-content\/uploads\/linduistics-yhteys.jpg\" \/>\n\t<meta property=\"og:image:width\" content=\"1920\" \/>\n\t<meta property=\"og:image:height\" content=\"1080\" \/>\n\t<meta property=\"og:image:type\" content=\"image\/jpeg\" \/>\n<meta name=\"twitter:card\" content=\"summary_large_image\" \/>\n<meta name=\"twitter:label1\" content=\"Ber\u00e4knad l\u00e4stid\" \/>\n\t<meta name=\"twitter:data1\" content=\"1 minut\" \/>\n<script type=\"application\/ld+json\" class=\"yoast-schema-graph\">{\"@context\":\"https:\/\/schema.org\",\"@graph\":[{\"@type\":\"WebPage\",\"@id\":\"https:\/\/linduistics.fi\/sv\/kontakt\/\",\"url\":\"https:\/\/linduistics.fi\/sv\/kontakt\/\",\"name\":\"Tag kontakt - Linduistics\",\"isPartOf\":{\"@id\":\"https:\/\/linduistics.fi\/sv\/#website\"},\"primaryImageOfPage\":{\"@id\":\"https:\/\/linduistics.fi\/sv\/kontakt\/#primaryimage\"},\"image\":{\"@id\":\"https:\/\/linduistics.fi\/sv\/kontakt\/#primaryimage\"},\"thumbnailUrl\":\"https:\/\/linduistics.fi\/wp-content\/uploads\/linduistics-yhteys.jpg\",\"datePublished\":\"2025-01-28T17:40:55+00:00\",\"dateModified\":\"2025-02-24T14:22:17+00:00\",\"description\":\"Tag kontakt och be om en offert f\u00f6r v\u00e5ra spr\u00e5kutbildningar. Vi skr\u00e4ddarsyr alltid v\u00e5ra utbildningar enligt dina m\u00e5l och din studietakt.\",\"breadcrumb\":{\"@id\":\"https:\/\/linduistics.fi\/sv\/kontakt\/#breadcrumb\"},\"inLanguage\":\"sv-SE\",\"potentialAction\":[{\"@type\":\"ReadAction\",\"target\":[\"https:\/\/linduistics.fi\/sv\/kontakt\/\"]}]},{\"@type\":\"ImageObject\",\"inLanguage\":\"sv-SE\",\"@id\":\"https:\/\/linduistics.fi\/sv\/kontakt\/#primaryimage\",\"url\":\"https:\/\/linduistics.fi\/wp-content\/uploads\/linduistics-yhteys.jpg\",\"contentUrl\":\"https:\/\/linduistics.fi\/wp-content\/uploads\/linduistics-yhteys.jpg\",\"width\":1920,\"height\":1080},{\"@type\":\"BreadcrumbList\",\"@id\":\"https:\/\/linduistics.fi\/sv\/kontakt\/#breadcrumb\",\"itemListElement\":[{\"@type\":\"ListItem\",\"position\":1,\"name\":\"Etusivu\",\"item\":\"https:\/\/linduistics.fi\/sv\/\"},{\"@type\":\"ListItem\",\"position\":2,\"name\":\"Tag kontakt\"}]},{\"@type\":\"WebSite\",\"@id\":\"https:\/\/linduistics.fi\/sv\/#website\",\"url\":\"https:\/\/linduistics.fi\/sv\/\",\"name\":\"Linduistics\",\"description\":\"Kielikoulutusta yrityksille\",\"potentialAction\":[{\"@type\":\"SearchAction\",\"target\":{\"@type\":\"EntryPoint\",\"urlTemplate\":\"https:\/\/linduistics.fi\/sv\/?s={search_term_string}\"},\"query-input\":{\"@type\":\"PropertyValueSpecification\",\"valueRequired\":true,\"valueName\":\"search_term_string\"}}],\"inLanguage\":\"sv-SE\"}]}<\/script>\n<!-- \/ Yoast SEO plugin. -->","yoast_head_json":{"title":"Tag kontakt - Linduistics","description":"Tag kontakt och be om en offert f\u00f6r v\u00e5ra spr\u00e5kutbildningar. Vi skr\u00e4ddarsyr alltid v\u00e5ra utbildningar enligt dina m\u00e5l och din studietakt.","robots":{"index":"index","follow":"follow","max-snippet":"max-snippet:-1","max-image-preview":"max-image-preview:large","max-video-preview":"max-video-preview:-1"},"canonical":"https:\/\/linduistics.fi\/sv\/kontakt\/","og_locale":"sv_SE","og_type":"article","og_title":"Tag kontakt - Linduistics","og_description":"Tag kontakt och be om en offert f\u00f6r v\u00e5ra spr\u00e5kutbildningar. Vi skr\u00e4ddarsyr alltid v\u00e5ra utbildningar enligt dina m\u00e5l och din studietakt.","og_url":"https:\/\/linduistics.fi\/sv\/kontakt\/","og_site_name":"Linduistics","article_modified_time":"2025-02-24T14:22:17+00:00","og_image":[{"width":1920,"height":1080,"url":"https:\/\/linduistics.fi\/wp-content\/uploads\/linduistics-yhteys.jpg","type":"image\/jpeg"}],"twitter_card":"summary_large_image","twitter_misc":{"Ber\u00e4knad l\u00e4stid":"1 minut"},"schema":{"@context":"https:\/\/schema.org","@graph":[{"@type":"WebPage","@id":"https:\/\/linduistics.fi\/sv\/kontakt\/","url":"https:\/\/linduistics.fi\/sv\/kontakt\/","name":"Tag kontakt - Linduistics","isPartOf":{"@id":"https:\/\/linduistics.fi\/sv\/#website"},"primaryImageOfPage":{"@id":"https:\/\/linduistics.fi\/sv\/kontakt\/#primaryimage"},"image":{"@id":"https:\/\/linduistics.fi\/sv\/kontakt\/#primaryimage"},"thumbnailUrl":"https:\/\/linduistics.fi\/wp-content\/uploads\/linduistics-yhteys.jpg","datePublished":"2025-01-28T17:40:55+00:00","dateModified":"2025-02-24T14:22:17+00:00","description":"Tag kontakt och be om en offert f\u00f6r v\u00e5ra spr\u00e5kutbildningar. Vi skr\u00e4ddarsyr alltid v\u00e5ra utbildningar enligt dina m\u00e5l och din studietakt.","breadcrumb":{"@id":"https:\/\/linduistics.fi\/sv\/kontakt\/#breadcrumb"},"inLanguage":"sv-SE","potentialAction":[{"@type":"ReadAction","target":["https:\/\/linduistics.fi\/sv\/kontakt\/"]}]},{"@type":"ImageObject","inLanguage":"sv-SE","@id":"https:\/\/linduistics.fi\/sv\/kontakt\/#primaryimage","url":"https:\/\/linduistics.fi\/wp-content\/uploads\/linduistics-yhteys.jpg","contentUrl":"https:\/\/linduistics.fi\/wp-content\/uploads\/linduistics-yhteys.jpg","width":1920,"height":1080},{"@type":"BreadcrumbList","@id":"https:\/\/linduistics.fi\/sv\/kontakt\/#breadcrumb","itemListElement":[{"@type":"ListItem","position":1,"name":"Etusivu","item":"https:\/\/linduistics.fi\/sv\/"},{"@type":"ListItem","position":2,"name":"Tag kontakt"}]},{"@type":"WebSite","@id":"https:\/\/linduistics.fi\/sv\/#website","url":"https:\/\/linduistics.fi\/sv\/","name":"Linduistics","description":"Kielikoulutusta yrityksille","potentialAction":[{"@type":"SearchAction","target":{"@type":"EntryPoint","urlTemplate":"https:\/\/linduistics.fi\/sv\/?s={search_term_string}"},"query-input":{"@type":"PropertyValueSpecification","valueRequired":true,"valueName":"search_term_string"}}],"inLanguage":"sv-SE"}]}},"_links":{"self":[{"href":"https:\/\/linduistics.fi\/sv\/wp-json\/wp\/v2\/pages\/288","targetHints":{"allow":["GET"]}}],"collection":[{"href":"https:\/\/linduistics.fi\/sv\/wp-json\/wp\/v2\/pages"}],"about":[{"href":"https:\/\/linduistics.fi\/sv\/wp-json\/wp\/v2\/types\/page"}],"author":[{"embeddable":true,"href":"https:\/\/linduistics.fi\/sv\/wp-json\/wp\/v2\/users\/1"}],"replies":[{"embeddable":true,"href":"https:\/\/linduistics.fi\/sv\/wp-json\/wp\/v2\/comments?post=288"}],"version-history":[{"count":4,"href":"https:\/\/linduistics.fi\/sv\/wp-json\/wp\/v2\/pages\/288\/revisions"}],"predecessor-version":[{"id":360,"href":"https:\/\/linduistics.fi\/sv\/wp-json\/wp\/v2\/pages\/288\/revisions\/360"}],"wp:featuredmedia":[{"embeddable":true,"href":"https:\/\/linduistics.fi\/sv\/wp-json\/wp\/v2\/media\/272"}],"wp:attachment":[{"href":"https:\/\/linduistics.fi\/sv\/wp-json\/wp\/v2\/media?parent=288"}],"curies":[{"name":"wp","href":"https:\/\/api.w.org\/{rel}","templated":true}]}}