{"id":284,"date":"2025-01-29T12:19:14","date_gmt":"2025-01-29T10:19:14","guid":{"rendered":"https:\/\/linduistics.fi\/yritys\/"},"modified":"2025-02-24T16:22:05","modified_gmt":"2025-02-24T14:22:05","slug":"yritys","status":"publish","type":"page","link":"https:\/\/linduistics.fi\/sv\/yritys\/","title":{"rendered":"F\u00f6retaget"},"content":{"rendered":"<section class=\"l-section wpb_row us_custom_02441ba5 height_large color_primary with_img\"><div class=\"l-section-img\" role=\"img\" aria-label=\"Bild\" data-img-width=\"1920\" data-img-height=\"1080\" style=\"background-image: url(https:\/\/linduistics.fi\/wp-content\/uploads\/linduistics-kielitoimisto.jpg);background-position: top center;background-repeat: no-repeat;\"><\/div><div class=\"l-section-overlay\" style=\"background:rgba(0,0,0,0.50)\"><\/div><div class=\"l-section-h i-cf\"><div class=\"g-cols vc_row via_flex valign_middle type_default stacking_default\"><div class=\"vc_col-sm-12 wpb_column vc_column_container\"><div class=\"vc_column-inner\"><div class=\"wpb_wrapper\"><div class=\"w-separator hide_on_default hide_on_laptops size_custom\" style=\"height:70px\" id=\"o885\"><style>@media(max-width:1024px){ #o885{height:20px!important}}<\/style><\/div><h1 class=\"w-text us_custom_572bdab6\"><span class=\"w-text-h\"><span class=\"w-text-value\">F\u00f6retaget<\/span><\/span><\/h1><div class=\"g-cols wpb_row via_flex valign_top type_default stacking_default\"><div class=\"vc_col-sm-2 wpb_column vc_column_container\"><div class=\"vc_column-inner\"><div class=\"wpb_wrapper\"><\/div><\/div><\/div><div class=\"vc_col-sm-8 wpb_column vc_column_container\"><div class=\"vc_column-inner\"><div class=\"wpb_wrapper\"><div class=\"wpb_text_column ingressi\"><div class=\"wpb_wrapper\"><p style=\"text-align: center;\">Linduistics erbjuder h\u00f6gkvalitativ spr\u00e5kutbildning i finska, svenska och tyska f\u00f6r f\u00f6retag.<\/p>\n<\/div><\/div><\/div><\/div><\/div><div class=\"vc_col-sm-2 wpb_column vc_column_container\"><div class=\"vc_column-inner\"><div class=\"wpb_wrapper\"><\/div><\/div><\/div><\/div><\/div><\/div><\/div><\/div><\/div><\/section><section class=\"l-section wpb_row height_large color_alternate with_img\"><div class=\"l-section-img\" role=\"img\" aria-label=\"Bild\" data-img-width=\"1920\" data-img-height=\"1080\" style=\"background-image: url(https:\/\/linduistics.fi\/wp-content\/uploads\/bg.png);background-position: top right;background-repeat: no-repeat;background-size: auto;\"><\/div><div class=\"l-section-h i-cf\"><div class=\"g-cols vc_row via_flex valign_top type_default stacking_default\"><div class=\"vc_col-sm-12 vc_col-lg-4 vc_col-md-4 wpb_column vc_column_container\"><div class=\"vc_column-inner\"><div class=\"wpb_wrapper\"><h2 class=\"w-text\"><span class=\"w-text-h\"><span class=\"w-text-value\">Linduistics<\/span><\/span><\/h2><\/div><\/div><\/div><div class=\"vc_col-sm-12 vc_col-lg-8 vc_col-md-8 wpb_column vc_column_container\"><div class=\"vc_column-inner\"><div class=\"wpb_wrapper\"><div class=\"wpb_text_column\"><div class=\"wpb_wrapper\"><p><strong>Linduistics \u00e4r ett spr\u00e5kf\u00f6retag, vars verksamhet b\u00f6rjade \u00e5r 2002 under namnet Kim Linden.<\/strong> Vi erbjuder v\u00e5ra tj\u00e4nster fr\u00e4mst f\u00f6r f\u00f6retag. F\u00f6rutom kurser och utbildning i finska, svenska och tyska, erbjuder vi genom samarbete \u00e4ven utbildningar inom andra spr\u00e5k, s\u00e5som engelska, spanska och franska.<\/p>\n<p>Vi \u00e4r alla h\u00f6gt utbildade och erfarna l\u00e4rare. Vi har erfarenhet fr\u00e5n olika branscher och har haft en m\u00f6jlighet att specialisera oss. Vi erbjuder spr\u00e5kutbildning f\u00f6r s\u00e5v\u00e4l nyb\u00f6rjare som l\u00e4ngre hunna studerande. Genom att specialisera oss p\u00e5 tre spr\u00e5k kan vi garantera en h\u00f6gre niv\u00e5 p\u00e5 utbildningen. Vi \u00e4r \u00e4ven d\u00e4rmed b\u00e4ttre utrustade att anpassa v\u00e5r undervisning just enligt dig och ditt f\u00f6retags behov.<\/p>\n<p>V\u00e5r gemensamma filosofi \u00e4r enkel: du l\u00e4r dig b\u00e4st genom att ha roligt. V\u00e5ra lektioner \u00e4r omv\u00e4xlande och givande. Vi satsar mycket p\u00e5 interaktiv kommunikation. Om ni vill anv\u00e4nder vi oss mer \u00e4n g\u00e4rna av f\u00f6retagets egna material. D\u00e5 studerande ser den direkta nyttan av inl\u00e4rningen b\u00e5de p\u00e5 arbetet och i det vardagliga livet, v\u00e4xer motivationen.<\/p>\n<p>Det finns m\u00e5nga orsaker till att l\u00e4ra sig spr\u00e5k, det kan vara en efterl\u00e4ngtad paus fr\u00e5n det \u00f6vriga arbetet eller en m\u00e5lmedveten studie f\u00f6r att n\u00e5 en viss niv\u00e5 eller ett visst \u00e4ndam\u00e5l. Vi anpassar oss enligt dig.<\/p>\n<p>Vi erbjuder individuell undervisning eller undervisning i grupp. Vi kan tr\u00e4ffas p\u00e5 kontoret eller p\u00e5 n\u00e4tet. Du best\u00e4mmer.<\/p>\n<\/div><\/div><\/div><\/div><\/div><\/div><\/div><\/section><section class=\"l-section wpb_row height_huge full_height valign_center color_primary with_img parallax_fixed\"><div class=\"l-section-img\" role=\"img\" aria-label=\"Kielikoulutuksella\" data-img-width=\"1920\" data-img-height=\"1080\" style=\"background-image: url(https:\/\/linduistics.fi\/wp-content\/uploads\/kielikoulutuksella.jpg);background-repeat: no-repeat;\"><\/div><div class=\"l-section-h i-cf\"><div class=\"g-cols vc_row via_flex valign_top type_default stacking_default\"><div class=\"vc_col-sm-2 wpb_column vc_column_container\"><div class=\"vc_column-inner\"><div class=\"wpb_wrapper\"><\/div><\/div><\/div><div class=\"vc_col-sm-8 wpb_column vc_column_container\"><div class=\"vc_column-inner\"><div class=\"wpb_wrapper\"><h2 class=\"w-text us_custom_eb849559\"><span class=\"w-text-h\"><span class=\"w-text-value\">Blev du intresserad av skr\u00e4ddarsydd spr\u00e5kutbildning f\u00f6r ert f\u00f6retag?<\/span><\/span><\/h2><div class=\"wpb_text_column ingressi\"><div class=\"wpb_wrapper\"><p style=\"text-align: center;\">Linduistics erbjuder h\u00f6gkvalitativ utbildning i finska, svenska och tyska. Vi skr\u00e4ddarsyr utbildningen enligt ditt f\u00f6retags krav. Kontakta oss g\u00e4rna f\u00f6r att fr\u00e5ga mera och l\u00e5t oss tillsammans f\u00f6rb\u00e4ttra ditt f\u00f6retags spr\u00e5kkunskaper.<\/p>\n<\/div><\/div><div class=\"w-separator size_small\"><\/div><div class=\"w-btn-wrapper align_center\"><a class=\"w-btn us-btn-style_4\" href=\"\/sv\/kontakt\/\"><span class=\"w-btn-label\">Fr\u00e5ga g\u00e4rna<\/span><\/a><\/div><\/div><\/div><\/div><div class=\"vc_col-sm-2 wpb_column vc_column_container\"><div class=\"vc_column-inner\"><div class=\"wpb_wrapper\"><\/div><\/div><\/div><\/div><\/div><\/section>\n","protected":false},"excerpt":{"rendered":"F\u00f6retagetLinduistics erbjuder h\u00f6gkvalitativ spr\u00e5kutbildning i finska, svenska och tyska f\u00f6r f\u00f6retag. LinduisticsLinduistics \u00e4r ett spr\u00e5kf\u00f6retag, vars verksamhet b\u00f6rjade \u00e5r 2002 under namnet Kim Linden. Vi erbjuder v\u00e5ra tj\u00e4nster fr\u00e4mst f\u00f6r f\u00f6retag. F\u00f6rutom kurser och utbildning i finska, svenska och tyska, erbjuder vi genom samarbete \u00e4ven utbildningar inom andra spr\u00e5k, s\u00e5som engelska, spanska och franska. Vi...","protected":false},"author":1,"featured_media":266,"parent":0,"menu_order":6,"comment_status":"closed","ping_status":"closed","template":"","meta":{"footnotes":""},"class_list":["post-284","page","type-page","status-publish","has-post-thumbnail","hentry"],"yoast_head":"<!-- This site is optimized with the Yoast SEO plugin v26.3 - https:\/\/yoast.com\/wordpress\/plugins\/seo\/ -->\n<title>F\u00f6retaget - Linduistics<\/title>\n<meta name=\"description\" content=\"Linduistics erbjuder h\u00f6gkvalitativ spr\u00e5kutbildning i finska, svenska och tyska f\u00f6r f\u00f6retag.\" \/>\n<meta name=\"robots\" content=\"index, follow, max-snippet:-1, max-image-preview:large, max-video-preview:-1\" \/>\n<link rel=\"canonical\" href=\"https:\/\/linduistics.fi\/sv\/yritys\/\" \/>\n<meta property=\"og:locale\" content=\"sv_SE\" \/>\n<meta property=\"og:type\" content=\"article\" \/>\n<meta property=\"og:title\" content=\"F\u00f6retaget - Linduistics\" \/>\n<meta property=\"og:description\" content=\"Linduistics erbjuder h\u00f6gkvalitativ spr\u00e5kutbildning i finska, svenska och tyska f\u00f6r f\u00f6retag.\" \/>\n<meta property=\"og:url\" content=\"https:\/\/linduistics.fi\/sv\/yritys\/\" \/>\n<meta property=\"og:site_name\" content=\"Linduistics\" \/>\n<meta property=\"article:modified_time\" content=\"2025-02-24T14:22:05+00:00\" \/>\n<meta property=\"og:image\" content=\"https:\/\/linduistics.fi\/wp-content\/uploads\/linduistics-kielitoimisto.jpg\" \/>\n\t<meta property=\"og:image:width\" content=\"1920\" \/>\n\t<meta property=\"og:image:height\" content=\"1080\" \/>\n\t<meta property=\"og:image:type\" content=\"image\/jpeg\" \/>\n<meta name=\"twitter:card\" content=\"summary_large_image\" \/>\n<meta name=\"twitter:label1\" content=\"Ber\u00e4knad l\u00e4stid\" \/>\n\t<meta name=\"twitter:data1\" content=\"3 minuter\" \/>\n<script type=\"application\/ld+json\" class=\"yoast-schema-graph\">{\"@context\":\"https:\/\/schema.org\",\"@graph\":[{\"@type\":\"WebPage\",\"@id\":\"https:\/\/linduistics.fi\/sv\/yritys\/\",\"url\":\"https:\/\/linduistics.fi\/sv\/yritys\/\",\"name\":\"F\u00f6retaget - Linduistics\",\"isPartOf\":{\"@id\":\"https:\/\/linduistics.fi\/sv\/#website\"},\"primaryImageOfPage\":{\"@id\":\"https:\/\/linduistics.fi\/sv\/yritys\/#primaryimage\"},\"image\":{\"@id\":\"https:\/\/linduistics.fi\/sv\/yritys\/#primaryimage\"},\"thumbnailUrl\":\"https:\/\/linduistics.fi\/wp-content\/uploads\/linduistics-kielitoimisto.jpg\",\"datePublished\":\"2025-01-29T10:19:14+00:00\",\"dateModified\":\"2025-02-24T14:22:05+00:00\",\"description\":\"Linduistics erbjuder h\u00f6gkvalitativ spr\u00e5kutbildning i finska, svenska och tyska f\u00f6r f\u00f6retag.\",\"breadcrumb\":{\"@id\":\"https:\/\/linduistics.fi\/sv\/yritys\/#breadcrumb\"},\"inLanguage\":\"sv-SE\",\"potentialAction\":[{\"@type\":\"ReadAction\",\"target\":[\"https:\/\/linduistics.fi\/sv\/yritys\/\"]}]},{\"@type\":\"ImageObject\",\"inLanguage\":\"sv-SE\",\"@id\":\"https:\/\/linduistics.fi\/sv\/yritys\/#primaryimage\",\"url\":\"https:\/\/linduistics.fi\/wp-content\/uploads\/linduistics-kielitoimisto.jpg\",\"contentUrl\":\"https:\/\/linduistics.fi\/wp-content\/uploads\/linduistics-kielitoimisto.jpg\",\"width\":1920,\"height\":1080},{\"@type\":\"BreadcrumbList\",\"@id\":\"https:\/\/linduistics.fi\/sv\/yritys\/#breadcrumb\",\"itemListElement\":[{\"@type\":\"ListItem\",\"position\":1,\"name\":\"Etusivu\",\"item\":\"https:\/\/linduistics.fi\/sv\/\"},{\"@type\":\"ListItem\",\"position\":2,\"name\":\"F\u00f6retaget\"}]},{\"@type\":\"WebSite\",\"@id\":\"https:\/\/linduistics.fi\/sv\/#website\",\"url\":\"https:\/\/linduistics.fi\/sv\/\",\"name\":\"Linduistics\",\"description\":\"Kielikoulutusta yrityksille\",\"potentialAction\":[{\"@type\":\"SearchAction\",\"target\":{\"@type\":\"EntryPoint\",\"urlTemplate\":\"https:\/\/linduistics.fi\/sv\/?s={search_term_string}\"},\"query-input\":{\"@type\":\"PropertyValueSpecification\",\"valueRequired\":true,\"valueName\":\"search_term_string\"}}],\"inLanguage\":\"sv-SE\"}]}<\/script>\n<!-- \/ Yoast SEO plugin. -->","yoast_head_json":{"title":"F\u00f6retaget - Linduistics","description":"Linduistics erbjuder h\u00f6gkvalitativ spr\u00e5kutbildning i finska, svenska och tyska f\u00f6r f\u00f6retag.","robots":{"index":"index","follow":"follow","max-snippet":"max-snippet:-1","max-image-preview":"max-image-preview:large","max-video-preview":"max-video-preview:-1"},"canonical":"https:\/\/linduistics.fi\/sv\/yritys\/","og_locale":"sv_SE","og_type":"article","og_title":"F\u00f6retaget - Linduistics","og_description":"Linduistics erbjuder h\u00f6gkvalitativ spr\u00e5kutbildning i finska, svenska och tyska f\u00f6r f\u00f6retag.","og_url":"https:\/\/linduistics.fi\/sv\/yritys\/","og_site_name":"Linduistics","article_modified_time":"2025-02-24T14:22:05+00:00","og_image":[{"width":1920,"height":1080,"url":"https:\/\/linduistics.fi\/wp-content\/uploads\/linduistics-kielitoimisto.jpg","type":"image\/jpeg"}],"twitter_card":"summary_large_image","twitter_misc":{"Ber\u00e4knad l\u00e4stid":"3 minuter"},"schema":{"@context":"https:\/\/schema.org","@graph":[{"@type":"WebPage","@id":"https:\/\/linduistics.fi\/sv\/yritys\/","url":"https:\/\/linduistics.fi\/sv\/yritys\/","name":"F\u00f6retaget - Linduistics","isPartOf":{"@id":"https:\/\/linduistics.fi\/sv\/#website"},"primaryImageOfPage":{"@id":"https:\/\/linduistics.fi\/sv\/yritys\/#primaryimage"},"image":{"@id":"https:\/\/linduistics.fi\/sv\/yritys\/#primaryimage"},"thumbnailUrl":"https:\/\/linduistics.fi\/wp-content\/uploads\/linduistics-kielitoimisto.jpg","datePublished":"2025-01-29T10:19:14+00:00","dateModified":"2025-02-24T14:22:05+00:00","description":"Linduistics erbjuder h\u00f6gkvalitativ spr\u00e5kutbildning i finska, svenska och tyska f\u00f6r f\u00f6retag.","breadcrumb":{"@id":"https:\/\/linduistics.fi\/sv\/yritys\/#breadcrumb"},"inLanguage":"sv-SE","potentialAction":[{"@type":"ReadAction","target":["https:\/\/linduistics.fi\/sv\/yritys\/"]}]},{"@type":"ImageObject","inLanguage":"sv-SE","@id":"https:\/\/linduistics.fi\/sv\/yritys\/#primaryimage","url":"https:\/\/linduistics.fi\/wp-content\/uploads\/linduistics-kielitoimisto.jpg","contentUrl":"https:\/\/linduistics.fi\/wp-content\/uploads\/linduistics-kielitoimisto.jpg","width":1920,"height":1080},{"@type":"BreadcrumbList","@id":"https:\/\/linduistics.fi\/sv\/yritys\/#breadcrumb","itemListElement":[{"@type":"ListItem","position":1,"name":"Etusivu","item":"https:\/\/linduistics.fi\/sv\/"},{"@type":"ListItem","position":2,"name":"F\u00f6retaget"}]},{"@type":"WebSite","@id":"https:\/\/linduistics.fi\/sv\/#website","url":"https:\/\/linduistics.fi\/sv\/","name":"Linduistics","description":"Kielikoulutusta yrityksille","potentialAction":[{"@type":"SearchAction","target":{"@type":"EntryPoint","urlTemplate":"https:\/\/linduistics.fi\/sv\/?s={search_term_string}"},"query-input":{"@type":"PropertyValueSpecification","valueRequired":true,"valueName":"search_term_string"}}],"inLanguage":"sv-SE"}]}},"_links":{"self":[{"href":"https:\/\/linduistics.fi\/sv\/wp-json\/wp\/v2\/pages\/284","targetHints":{"allow":["GET"]}}],"collection":[{"href":"https:\/\/linduistics.fi\/sv\/wp-json\/wp\/v2\/pages"}],"about":[{"href":"https:\/\/linduistics.fi\/sv\/wp-json\/wp\/v2\/types\/page"}],"author":[{"embeddable":true,"href":"https:\/\/linduistics.fi\/sv\/wp-json\/wp\/v2\/users\/1"}],"replies":[{"embeddable":true,"href":"https:\/\/linduistics.fi\/sv\/wp-json\/wp\/v2\/comments?post=284"}],"version-history":[{"count":2,"href":"https:\/\/linduistics.fi\/sv\/wp-json\/wp\/v2\/pages\/284\/revisions"}],"predecessor-version":[{"id":319,"href":"https:\/\/linduistics.fi\/sv\/wp-json\/wp\/v2\/pages\/284\/revisions\/319"}],"wp:featuredmedia":[{"embeddable":true,"href":"https:\/\/linduistics.fi\/sv\/wp-json\/wp\/v2\/media\/266"}],"wp:attachment":[{"href":"https:\/\/linduistics.fi\/sv\/wp-json\/wp\/v2\/media?parent=284"}],"curies":[{"name":"wp","href":"https:\/\/api.w.org\/{rel}","templated":true}]}}