{"id":279,"date":"2025-01-29T09:03:06","date_gmt":"2025-01-29T07:03:06","guid":{"rendered":"https:\/\/linduistics.fi\/kielikouluttajat\/"},"modified":"2025-02-24T16:21:58","modified_gmt":"2025-02-24T14:21:58","slug":"utbildarna","status":"publish","type":"page","link":"https:\/\/linduistics.fi\/sv\/utbildarna\/","title":{"rendered":"Utbildarna"},"content":{"rendered":"<section class=\"l-section wpb_row us_custom_02441ba5 height_large color_primary with_img\"><div class=\"l-section-img\" role=\"img\" aria-label=\"Bild\" data-img-width=\"1920\" data-img-height=\"1080\" style=\"background-image: url(https:\/\/linduistics.fi\/wp-content\/uploads\/kielikouluttajat.jpg);background-position: top center;background-repeat: no-repeat;\"><\/div><div class=\"l-section-overlay\" style=\"background:rgba(0,0,0,0.50)\"><\/div><div class=\"l-section-h i-cf\"><div class=\"g-cols vc_row via_flex valign_middle type_default stacking_default\"><div class=\"vc_col-sm-12 wpb_column vc_column_container\"><div class=\"vc_column-inner\"><div class=\"wpb_wrapper\"><div class=\"w-separator hide_on_default hide_on_laptops size_custom\" style=\"height:70px\" id=\"x710\"><style>@media(max-width:1024px){ #x710{height:20px!important}}<\/style><\/div><h1 class=\"w-text us_custom_572bdab6\"><span class=\"w-text-h\"><span class=\"w-text-value\">Spr\u00e5kutbildarna<\/span><\/span><\/h1><div class=\"g-cols wpb_row via_flex valign_top type_default stacking_default\"><div class=\"vc_col-sm-2 wpb_column vc_column_container\"><div class=\"vc_column-inner\"><div class=\"wpb_wrapper\"><\/div><\/div><\/div><div class=\"vc_col-sm-8 wpb_column vc_column_container\"><div class=\"vc_column-inner\"><div class=\"wpb_wrapper\"><div class=\"wpb_text_column ingressi\"><div class=\"wpb_wrapper\"><p style=\"text-align: center;\">V\u00e5ra utbildade och yrkeskunniga l\u00e4rare erbjuder h\u00f6gkvalitativ undervisning helt enligt ditt f\u00f6retags krav.<\/p>\n<\/div><\/div><\/div><\/div><\/div><div class=\"vc_col-sm-2 wpb_column vc_column_container\"><div class=\"vc_column-inner\"><div class=\"wpb_wrapper\"><\/div><\/div><\/div><\/div><\/div><\/div><\/div><\/div><\/div><\/section><section class=\"l-section wpb_row height_large color_alternate with_img\"><div class=\"l-section-img\" role=\"img\" aria-label=\"Bild\" data-img-width=\"1920\" data-img-height=\"1080\" style=\"background-image: url(https:\/\/linduistics.fi\/wp-content\/uploads\/bg.png);background-position: top right;background-repeat: no-repeat;background-size: auto;\"><\/div><div class=\"l-section-h i-cf\"><div class=\"g-cols vc_row via_flex valign_top type_default stacking_default\"><div class=\"vc_col-sm-12 wpb_column vc_column_container\"><div class=\"vc_column-inner\"><div class=\"wpb_wrapper\"><div class=\"g-cols wpb_row via_flex valign_middle type_default stacking_default\"><div class=\"vc_col-sm-3 wpb_column vc_column_container\"><div class=\"vc_column-inner\"><div class=\"wpb_wrapper\"><\/div><\/div><\/div><div class=\"vc_col-sm-9 wpb_column vc_column_container\"><div class=\"vc_column-inner\"><div class=\"wpb_wrapper\"><div class=\"wpb_text_column\"><div class=\"wpb_wrapper\"><h3>Kim Lind\u00e9n<\/h3>\n<p>Jag \u00e4r en utbildad finskl\u00e4rare (FM) och \u00e4r \u00e4ven ekonomie kandidat. Jag har undervisat finska i \u00f6ver 20 \u00e5r och h\u00e5llit kurser i svenska i \u00f6ver 10 \u00e5r. Vuxenutbildningen har alltid varit mig n\u00e4ra och jag har jobbat inom vuxenutbildningen sedan 2002. Jag har under \u00e5ren specialiserat mig inom handeln, finans- och restaurangv\u00e4rlden.<\/p>\n<p>Jag str\u00e4var alltid efter att anpassa min undervisning enligt kundens niv\u00e5 och \u00f6nskem\u00e5l. Jag har m\u00e4rkt hur mycket l\u00e4ttare kunden l\u00e4r sig d\u00e5 vi har roligt p\u00e5 lektionerna och jag anv\u00e4nder mig av mycket varierande tekniker. Vid behov kan jag anv\u00e4nda finska, svenska, engelska och tyska som st\u00f6dspr\u00e5k.<\/p>\n<\/div><\/div><div class=\"w-separator size_small\"><\/div><div class=\"w-socials us_custom_1e0e9307 color_link shape_square style_colored hover_fade\"><div class=\"w-socials-list\"><div class=\"w-socials-item linkedin\"><a href=\"https:\/\/www.linkedin.com\/in\/kim-lind\u00e9n-ab98b3bb\/\" class=\"w-socials-item-link\" aria-label=\"LinkedIn\"><span class=\"w-socials-item-link-hover\"><\/span><i class=\"fab fa-linkedin\"><\/i><\/a><div class=\"w-socials-item-popup\"><span>LinkedIn<\/span><\/div><\/div><\/div><\/div><\/div><\/div><\/div><\/div><div class=\"w-separator size_huge with_line width_default thick_1 style_solid color_border align_center\"><div class=\"w-separator-h\"><\/div><\/div><div class=\"g-cols wpb_row via_flex valign_middle type_default stacking_default\"><div class=\"vc_col-sm-3 wpb_column vc_column_container\"><div class=\"vc_column-inner\"><div class=\"wpb_wrapper\"><\/div><\/div><\/div><div class=\"vc_col-sm-9 wpb_column vc_column_container\"><div class=\"vc_column-inner\"><div class=\"wpb_wrapper\"><div class=\"wpb_text_column\"><div class=\"wpb_wrapper\"><h3>Marjut Heikkinen<\/h3>\n<p>Jag \u00e4r en utbildad finskl\u00e4rare (FM) och jag har undervisat finska som andraspr\u00e5k sedan 2007. Den st\u00f6rsta delen av mina studerande har varit vuxna. Jag har undervisat finska p\u00e5 m\u00e5nga olika niv\u00e5er och f\u00f6r m\u00e5nga olika slags grupper. Den st\u00f6rsta delen av mina studerande har l\u00e4rt sig bas- och grundkunskaper I finska.<\/p>\n<p>Jag f\u00e5r vanligen kommentarer av mina studerande att det \u00e4r roligt att l\u00e4ra sig finska med mig. Jag har olika tekniker att f\u00e5 studerande att f\u00f6rst\u00e5 och kunna bryta koden till inl\u00e4rningen. Vid behov kan jag anv\u00e4nda engelska, spanska, tyska, svenska och lite ryska som st\u00f6dspr\u00e5k.<\/p>\n<\/div><\/div><\/div><\/div><\/div><\/div><div class=\"w-separator size_huge with_line width_default thick_1 style_solid color_border align_center\"><div class=\"w-separator-h\"><\/div><\/div><div class=\"g-cols wpb_row via_flex valign_middle type_default stacking_default\"><div class=\"vc_col-sm-3 wpb_column vc_column_container\"><div class=\"vc_column-inner\"><div class=\"wpb_wrapper\"><\/div><\/div><\/div><div class=\"vc_col-sm-9 wpb_column vc_column_container\"><div class=\"vc_column-inner\"><div class=\"wpb_wrapper\"><div class=\"wpb_text_column\"><div class=\"wpb_wrapper\"><h3>Heini Hosio<\/h3>\n<p>Jag \u00e4r en utbildad l\u00e4rare i finska och litteratur. Jag har jobbat 9 \u00e5r som finskl\u00e4rare p\u00e5 h\u00f6gstadiet, inom integrationen och p\u00e5 en yrkesskola. F\u00f6r tillf\u00e4llet satsar jag p\u00e5 att undervisa finska f\u00f6r invandrare p\u00e5 en yrkesskola samt inom f\u00f6retagsv\u00e4rlden. D\u00e4rtill jobbar jag f\u00f6r att p\u00e5verka den kommunala sektorn, fr\u00e4mst inom utbildningsfr\u00e5gor.<\/p>\n<p>Nyckeln i min undervisning \u00e4r empati. Jag hj\u00e4lper varje studerande utg\u00e5ende fr\u00e5n studerandes niv\u00e5 och krav. Jag vill hj\u00e4lpa varje studerande s\u00e5 att hen f\u00e5r de kunskaper hen beh\u00f6ver i sitt vardagliga liv och p\u00e5 arbetsplatsen. P\u00e5 mina lektioner jobbar vi h\u00e5rt, men vi gl\u00f6mmer inte bort att skratta och att ha det roligt.<\/p>\n<\/div><\/div><\/div><\/div><\/div><\/div><div class=\"w-separator size_huge with_line width_default thick_1 style_solid color_border align_center\"><div class=\"w-separator-h\"><\/div><\/div><div class=\"g-cols wpb_row via_flex valign_middle type_default stacking_default\"><div class=\"vc_col-sm-3 wpb_column vc_column_container\"><div class=\"vc_column-inner\"><div class=\"wpb_wrapper\"><\/div><\/div><\/div><div class=\"vc_col-sm-9 wpb_column vc_column_container\"><div class=\"vc_column-inner\"><div class=\"wpb_wrapper\"><div class=\"wpb_text_column\"><div class=\"wpb_wrapper\"><h3>Klaus Gr\u00f6nqvist<\/h3>\n<p>Jag en tv\u00e4tt\u00e4kta finlandssvensk l\u00e4rare fr\u00e5n Helsingfors med r\u00f6tter i b\u00e5de Borg\u00e5 och Lahtis. Mitt modersm\u00e5l \u00e4r svenska men jag har g\u00e5tt alla mina skolor samt universitet p\u00e5 finska. D\u00e4rmed har jag utm\u00e4rkta kunskaper i b\u00e5de finska och svenska. Jag \u00e4r utbildad klassl\u00e4rare och har jobbat i svenska och finska skolor i 20 \u00e5r. Jag \u00e4r allts\u00e5 specialiserad p\u00e5 skola, sm\u00e5barnspedagogik och undervisningsbranschen som helhet. Dessutom har jag jobbat inom vuxenutbildning i flera \u00e5r och stortrivs med det. Elevernas och gruppens behov \u00e4r i fokus i min undervisning; att fr\u00e4mja varje elevs spr\u00e5kliga f\u00f6rm\u00e5gor utg\u00e5ende fr\u00e5n deras niv\u00e5 och intresse \u00e4r mina ledstj\u00e4rnor.<\/p>\n<\/div><\/div><\/div><\/div><\/div><\/div><\/div><\/div><\/div><\/div><\/div><\/section><section class=\"l-section wpb_row height_huge full_height valign_center color_primary with_img parallax_fixed\"><div class=\"l-section-img\" role=\"img\" aria-label=\"Kielten opetus\" data-img-width=\"1920\" data-img-height=\"1080\" style=\"background-image: url(https:\/\/linduistics.fi\/wp-content\/uploads\/kielten-opetustunti.jpg);background-position: center left;background-repeat: no-repeat;\"><\/div><div class=\"l-section-h i-cf\"><div class=\"g-cols vc_row via_flex valign_top type_default stacking_default\"><div class=\"vc_col-sm-2 wpb_column vc_column_container\"><div class=\"vc_column-inner\"><div class=\"wpb_wrapper\"><\/div><\/div><\/div><div class=\"vc_col-sm-8 wpb_column vc_column_container\"><div class=\"vc_column-inner\"><div class=\"wpb_wrapper\"><h2 class=\"w-text us_custom_eb849559\"><span class=\"w-text-h\"><span class=\"w-text-value\">Blev du intresserad av skr\u00e4ddarsydd spr\u00e5kutbildning f\u00f6r ert f\u00f6retag?<\/span><\/span><\/h2><div class=\"wpb_text_column ingressi\"><div class=\"wpb_wrapper\"><p style=\"text-align: center;\">Linduistics erbjuder h\u00f6gkvalitativ utbildning i finska, svenska och tyska. Vi skr\u00e4ddarsyr utbildningen enligt ditt f\u00f6retags krav. Kontakta oss g\u00e4rna f\u00f6r att fr\u00e5ga mera och l\u00e5t oss tillsammans f\u00f6rb\u00e4ttra ditt f\u00f6retags spr\u00e5kkunskaper.<\/p>\n<\/div><\/div><div class=\"w-separator size_small\"><\/div><div class=\"w-btn-wrapper align_center\"><a class=\"w-btn us-btn-style_4\" href=\"\/sv\/kontakt\/\"><span class=\"w-btn-label\">Fr\u00e5ga g\u00e4rna<\/span><\/a><\/div><\/div><\/div><\/div><div class=\"vc_col-sm-2 wpb_column vc_column_container\"><div class=\"vc_column-inner\"><div class=\"wpb_wrapper\"><\/div><\/div><\/div><\/div><\/div><\/section>\n","protected":false},"excerpt":{"rendered":"Spr\u00e5kutbildarnaV\u00e5ra utbildade och yrkeskunniga l\u00e4rare erbjuder h\u00f6gkvalitativ undervisning helt enligt ditt f\u00f6retags krav. Kim Lind\u00e9n Jag \u00e4r en utbildad finskl\u00e4rare (FM) och \u00e4r \u00e4ven ekonomie kandidat. Jag har undervisat finska i \u00f6ver 20 \u00e5r och h\u00e5llit kurser i svenska i \u00f6ver 10 \u00e5r. Vuxenutbildningen har alltid varit mig n\u00e4ra och jag har jobbat inom vuxenutbildningen...","protected":false},"author":1,"featured_media":258,"parent":0,"menu_order":4,"comment_status":"closed","ping_status":"closed","template":"","meta":{"footnotes":""},"class_list":["post-279","page","type-page","status-publish","has-post-thumbnail","hentry"],"yoast_head":"<!-- This site is optimized with the Yoast SEO plugin v26.3 - https:\/\/yoast.com\/wordpress\/plugins\/seo\/ -->\n<title>Utbildarna - Linduistics<\/title>\n<meta name=\"description\" content=\"V\u00e5ra utbildade och yrkeskunniga l\u00e4rare erbjuder h\u00f6gkvalitativ undervisning helt enligt ditt f\u00f6retags krav.\" \/>\n<meta name=\"robots\" content=\"index, follow, max-snippet:-1, max-image-preview:large, max-video-preview:-1\" \/>\n<link rel=\"canonical\" href=\"https:\/\/linduistics.fi\/sv\/utbildarna\/\" \/>\n<meta property=\"og:locale\" content=\"sv_SE\" \/>\n<meta property=\"og:type\" content=\"article\" \/>\n<meta property=\"og:title\" content=\"Utbildarna - Linduistics\" \/>\n<meta property=\"og:description\" content=\"V\u00e5ra utbildade och yrkeskunniga l\u00e4rare erbjuder h\u00f6gkvalitativ undervisning helt enligt ditt f\u00f6retags krav.\" \/>\n<meta property=\"og:url\" content=\"https:\/\/linduistics.fi\/sv\/utbildarna\/\" \/>\n<meta property=\"og:site_name\" content=\"Linduistics\" \/>\n<meta property=\"article:modified_time\" content=\"2025-02-24T14:21:58+00:00\" \/>\n<meta property=\"og:image\" content=\"https:\/\/linduistics.fi\/wp-content\/uploads\/kielikouluttajat.jpg\" \/>\n\t<meta property=\"og:image:width\" content=\"1920\" \/>\n\t<meta property=\"og:image:height\" content=\"1080\" \/>\n\t<meta property=\"og:image:type\" content=\"image\/jpeg\" \/>\n<meta name=\"twitter:card\" content=\"summary_large_image\" \/>\n<meta name=\"twitter:label1\" content=\"Ber\u00e4knad l\u00e4stid\" \/>\n\t<meta name=\"twitter:data1\" content=\"4 minuter\" \/>\n<script type=\"application\/ld+json\" class=\"yoast-schema-graph\">{\"@context\":\"https:\/\/schema.org\",\"@graph\":[{\"@type\":\"WebPage\",\"@id\":\"https:\/\/linduistics.fi\/sv\/utbildarna\/\",\"url\":\"https:\/\/linduistics.fi\/sv\/utbildarna\/\",\"name\":\"Utbildarna - Linduistics\",\"isPartOf\":{\"@id\":\"https:\/\/linduistics.fi\/sv\/#website\"},\"primaryImageOfPage\":{\"@id\":\"https:\/\/linduistics.fi\/sv\/utbildarna\/#primaryimage\"},\"image\":{\"@id\":\"https:\/\/linduistics.fi\/sv\/utbildarna\/#primaryimage\"},\"thumbnailUrl\":\"https:\/\/linduistics.fi\/wp-content\/uploads\/kielikouluttajat.jpg\",\"datePublished\":\"2025-01-29T07:03:06+00:00\",\"dateModified\":\"2025-02-24T14:21:58+00:00\",\"description\":\"V\u00e5ra utbildade och yrkeskunniga l\u00e4rare erbjuder h\u00f6gkvalitativ undervisning helt enligt ditt f\u00f6retags krav.\",\"breadcrumb\":{\"@id\":\"https:\/\/linduistics.fi\/sv\/utbildarna\/#breadcrumb\"},\"inLanguage\":\"sv-SE\",\"potentialAction\":[{\"@type\":\"ReadAction\",\"target\":[\"https:\/\/linduistics.fi\/sv\/utbildarna\/\"]}]},{\"@type\":\"ImageObject\",\"inLanguage\":\"sv-SE\",\"@id\":\"https:\/\/linduistics.fi\/sv\/utbildarna\/#primaryimage\",\"url\":\"https:\/\/linduistics.fi\/wp-content\/uploads\/kielikouluttajat.jpg\",\"contentUrl\":\"https:\/\/linduistics.fi\/wp-content\/uploads\/kielikouluttajat.jpg\",\"width\":1920,\"height\":1080},{\"@type\":\"BreadcrumbList\",\"@id\":\"https:\/\/linduistics.fi\/sv\/utbildarna\/#breadcrumb\",\"itemListElement\":[{\"@type\":\"ListItem\",\"position\":1,\"name\":\"Etusivu\",\"item\":\"https:\/\/linduistics.fi\/sv\/\"},{\"@type\":\"ListItem\",\"position\":2,\"name\":\"Utbildarna\"}]},{\"@type\":\"WebSite\",\"@id\":\"https:\/\/linduistics.fi\/sv\/#website\",\"url\":\"https:\/\/linduistics.fi\/sv\/\",\"name\":\"Linduistics\",\"description\":\"Kielikoulutusta yrityksille\",\"potentialAction\":[{\"@type\":\"SearchAction\",\"target\":{\"@type\":\"EntryPoint\",\"urlTemplate\":\"https:\/\/linduistics.fi\/sv\/?s={search_term_string}\"},\"query-input\":{\"@type\":\"PropertyValueSpecification\",\"valueRequired\":true,\"valueName\":\"search_term_string\"}}],\"inLanguage\":\"sv-SE\"}]}<\/script>\n<!-- \/ Yoast SEO plugin. -->","yoast_head_json":{"title":"Utbildarna - Linduistics","description":"V\u00e5ra utbildade och yrkeskunniga l\u00e4rare erbjuder h\u00f6gkvalitativ undervisning helt enligt ditt f\u00f6retags krav.","robots":{"index":"index","follow":"follow","max-snippet":"max-snippet:-1","max-image-preview":"max-image-preview:large","max-video-preview":"max-video-preview:-1"},"canonical":"https:\/\/linduistics.fi\/sv\/utbildarna\/","og_locale":"sv_SE","og_type":"article","og_title":"Utbildarna - Linduistics","og_description":"V\u00e5ra utbildade och yrkeskunniga l\u00e4rare erbjuder h\u00f6gkvalitativ undervisning helt enligt ditt f\u00f6retags krav.","og_url":"https:\/\/linduistics.fi\/sv\/utbildarna\/","og_site_name":"Linduistics","article_modified_time":"2025-02-24T14:21:58+00:00","og_image":[{"width":1920,"height":1080,"url":"https:\/\/linduistics.fi\/wp-content\/uploads\/kielikouluttajat.jpg","type":"image\/jpeg"}],"twitter_card":"summary_large_image","twitter_misc":{"Ber\u00e4knad l\u00e4stid":"4 minuter"},"schema":{"@context":"https:\/\/schema.org","@graph":[{"@type":"WebPage","@id":"https:\/\/linduistics.fi\/sv\/utbildarna\/","url":"https:\/\/linduistics.fi\/sv\/utbildarna\/","name":"Utbildarna - Linduistics","isPartOf":{"@id":"https:\/\/linduistics.fi\/sv\/#website"},"primaryImageOfPage":{"@id":"https:\/\/linduistics.fi\/sv\/utbildarna\/#primaryimage"},"image":{"@id":"https:\/\/linduistics.fi\/sv\/utbildarna\/#primaryimage"},"thumbnailUrl":"https:\/\/linduistics.fi\/wp-content\/uploads\/kielikouluttajat.jpg","datePublished":"2025-01-29T07:03:06+00:00","dateModified":"2025-02-24T14:21:58+00:00","description":"V\u00e5ra utbildade och yrkeskunniga l\u00e4rare erbjuder h\u00f6gkvalitativ undervisning helt enligt ditt f\u00f6retags krav.","breadcrumb":{"@id":"https:\/\/linduistics.fi\/sv\/utbildarna\/#breadcrumb"},"inLanguage":"sv-SE","potentialAction":[{"@type":"ReadAction","target":["https:\/\/linduistics.fi\/sv\/utbildarna\/"]}]},{"@type":"ImageObject","inLanguage":"sv-SE","@id":"https:\/\/linduistics.fi\/sv\/utbildarna\/#primaryimage","url":"https:\/\/linduistics.fi\/wp-content\/uploads\/kielikouluttajat.jpg","contentUrl":"https:\/\/linduistics.fi\/wp-content\/uploads\/kielikouluttajat.jpg","width":1920,"height":1080},{"@type":"BreadcrumbList","@id":"https:\/\/linduistics.fi\/sv\/utbildarna\/#breadcrumb","itemListElement":[{"@type":"ListItem","position":1,"name":"Etusivu","item":"https:\/\/linduistics.fi\/sv\/"},{"@type":"ListItem","position":2,"name":"Utbildarna"}]},{"@type":"WebSite","@id":"https:\/\/linduistics.fi\/sv\/#website","url":"https:\/\/linduistics.fi\/sv\/","name":"Linduistics","description":"Kielikoulutusta yrityksille","potentialAction":[{"@type":"SearchAction","target":{"@type":"EntryPoint","urlTemplate":"https:\/\/linduistics.fi\/sv\/?s={search_term_string}"},"query-input":{"@type":"PropertyValueSpecification","valueRequired":true,"valueName":"search_term_string"}}],"inLanguage":"sv-SE"}]}},"_links":{"self":[{"href":"https:\/\/linduistics.fi\/sv\/wp-json\/wp\/v2\/pages\/279","targetHints":{"allow":["GET"]}}],"collection":[{"href":"https:\/\/linduistics.fi\/sv\/wp-json\/wp\/v2\/pages"}],"about":[{"href":"https:\/\/linduistics.fi\/sv\/wp-json\/wp\/v2\/types\/page"}],"author":[{"embeddable":true,"href":"https:\/\/linduistics.fi\/sv\/wp-json\/wp\/v2\/users\/1"}],"replies":[{"embeddable":true,"href":"https:\/\/linduistics.fi\/sv\/wp-json\/wp\/v2\/comments?post=279"}],"version-history":[{"count":4,"href":"https:\/\/linduistics.fi\/sv\/wp-json\/wp\/v2\/pages\/279\/revisions"}],"predecessor-version":[{"id":358,"href":"https:\/\/linduistics.fi\/sv\/wp-json\/wp\/v2\/pages\/279\/revisions\/358"}],"wp:featuredmedia":[{"embeddable":true,"href":"https:\/\/linduistics.fi\/sv\/wp-json\/wp\/v2\/media\/258"}],"wp:attachment":[{"href":"https:\/\/linduistics.fi\/sv\/wp-json\/wp\/v2\/media?parent=279"}],"curies":[{"name":"wp","href":"https:\/\/api.w.org\/{rel}","templated":true}]}}