{"id":275,"date":"2025-01-27T13:10:29","date_gmt":"2025-01-27T11:10:29","guid":{"rendered":"https:\/\/linduistics.fi\/kielikoulutusta-yrityksille\/"},"modified":"2025-02-24T16:21:50","modified_gmt":"2025-02-24T14:21:50","slug":"sprakutbildning","status":"publish","type":"page","link":"https:\/\/linduistics.fi\/sv\/sprakutbildning\/","title":{"rendered":"Spr\u00e5kutbildning"},"content":{"rendered":"<section class=\"l-section wpb_row us_custom_02441ba5 height_large color_primary with_img\"><div class=\"l-section-img\" role=\"img\" aria-label=\"Bild\" data-img-width=\"1920\" data-img-height=\"1080\" style=\"background-image: url(https:\/\/linduistics.fi\/wp-content\/uploads\/kielikoulutukset.jpg);background-position: top center;background-repeat: no-repeat;\"><\/div><div class=\"l-section-overlay\" style=\"background:rgba(0,0,0,0.40)\"><\/div><div class=\"l-section-h i-cf\"><div class=\"g-cols vc_row via_flex valign_middle type_default stacking_default\"><div class=\"vc_col-sm-12 wpb_column vc_column_container\"><div class=\"vc_column-inner\"><div class=\"wpb_wrapper\"><div class=\"w-separator hide_on_default hide_on_laptops size_custom\" style=\"height:70px\" id=\"l653\"><style>@media(max-width:1024px){ #l653{height:20px!important}}<\/style><\/div><h1 class=\"w-text us_custom_572bdab6\"><span class=\"w-text-h\"><span class=\"w-text-value\">Spr\u00e5kutbildning f\u00f6r f\u00f6retag<\/span><\/span><\/h1><div class=\"g-cols wpb_row via_flex valign_top type_default stacking_default\"><div class=\"vc_col-sm-2 wpb_column vc_column_container\"><div class=\"vc_column-inner\"><div class=\"wpb_wrapper\"><\/div><\/div><\/div><div class=\"vc_col-sm-8 wpb_column vc_column_container\"><div class=\"vc_column-inner\"><div class=\"wpb_wrapper\"><div class=\"wpb_text_column ingressi\"><div class=\"wpb_wrapper\"><p style=\"text-align: center;\">Individuell undervisning eller undervisning i grupp, p\u00e5 kontoret eller via n\u00e4tet.<\/p>\n<\/div><\/div><\/div><\/div><\/div><div class=\"vc_col-sm-2 wpb_column vc_column_container\"><div class=\"vc_column-inner\"><div class=\"wpb_wrapper\"><\/div><\/div><\/div><\/div><\/div><\/div><\/div><\/div><\/div><\/section><section class=\"l-section wpb_row height_large color_alternate with_img\"><div class=\"l-section-img\" role=\"img\" aria-label=\"Bild\" data-img-width=\"1920\" data-img-height=\"1080\" style=\"background-image: url(https:\/\/linduistics.fi\/wp-content\/uploads\/bg.png);background-position: top right;background-repeat: no-repeat;background-size: auto;\"><\/div><div class=\"l-section-h i-cf\"><div class=\"g-cols vc_row via_flex valign_top type_default stacking_default\"><div class=\"vc_col-sm-12 vc_col-lg-4 vc_col-md-4 wpb_column vc_column_container\"><div class=\"vc_column-inner\"><div class=\"wpb_wrapper\"><h2 class=\"w-text\"><span class=\"w-text-h\"><span class=\"w-text-value\">Skr\u00e4ddarsydda l\u00f6sningar<\/span><\/span><\/h2><\/div><\/div><\/div><div class=\"vc_col-sm-12 vc_col-lg-8 vc_col-md-8 wpb_column vc_column_container\"><div class=\"vc_column-inner\"><div class=\"wpb_wrapper\"><div class=\"g-cols wpb_row via_flex valign_top type_default stacking_default\" id=\"maahanmuuttajataustaisille-tyontekijoille\"><div class=\"vc_col-sm-12 wpb_column vc_column_container\"><div class=\"vc_column-inner\"><div class=\"wpb_wrapper\"><div class=\"wpb_text_column\"><div class=\"wpb_wrapper\"><p><strong>F\u00f6r arbetstagare med invandrarbakgrund, vars spr\u00e5kkunskaper f\u00f6rsv\u00e5rar samarbetet och anpassningen till arbetsgemenskapen, f\u00f6resl\u00e5r vi gruppundervisning.<\/strong><\/p>\n<p>I spr\u00e5kinl\u00e4rningen anv\u00e4nder vi oss av branschens och f\u00f6retagets egna material. Vi planerar undervisningen utg\u00e5ende fr\u00e5n f\u00f6retagets \u00f6nskem\u00e5l. D\u00e5 arbetstagarna kan arbeta p\u00e5 f\u00f6retagets spr\u00e5k, k\u00e4nner de en tillh\u00f6righet till f\u00f6retaget. Arbetsresultaten f\u00f6rb\u00e4ttras och samarbetet med kollegerna f\u00f6renklas och f\u00f6rsnabbas. D\u00e5 arbetstagarna har ett gemensamt spr\u00e5k f\u00f6rb\u00e4ttras \u00e4ven st\u00e4mningen p\u00e5 arbetsplatsen.<\/p>\n<\/div><\/div><\/div><\/div><\/div><\/div><div class=\"w-separator size_huge with_line width_default thick_1 style_solid color_border align_center\"><div class=\"w-separator-h\"><\/div><\/div><div class=\"g-cols wpb_row via_flex valign_top type_default stacking_default\" id=\"kieli-kulttuurikoulutus\"><div class=\"vc_col-sm-12 wpb_column vc_column_container\"><div class=\"vc_column-inner\"><div class=\"wpb_wrapper\"><div class=\"wpb_text_column\"><div class=\"wpb_wrapper\"><p><strong>Spr\u00e5k- och kulturutbildning f\u00f6r f\u00f6retag som rekryterar arbetstagare fr\u00e5n utlandet.<\/strong><\/p>\n<p>Vill f\u00f6retaget anst\u00e4lla goda arbetstagare fr\u00e5n utlandet? Vi hj\u00e4lper g\u00e4rna till. Vi kan erbjuda en v\u00e4l strukturerad utbildning tillsammas med Keuda Pro. Vi har byggt upp olika moduler med tidspannet p\u00e5 n\u00e5gra m\u00e5nader till ett \u00e5rs studier. Under studierna g\u00f6r vi regelbundna uppf\u00f6ljningar och evalueringar. I slutet av programmet kan vi lova att arbetstagarna har de spr\u00e5kf\u00f6ruts\u00e4ttningar som kr\u00e4vs f\u00f6r att de skall klara sig p\u00e5 arbetsplatsen och i det vardagliga livet.<\/p>\n<\/div><\/div><\/div><\/div><\/div><\/div><div class=\"w-separator size_huge with_line width_default thick_1 style_solid color_border align_center\"><div class=\"w-separator-h\"><\/div><\/div><div class=\"g-cols wpb_row via_flex valign_top type_default stacking_default\" id=\"kansainvalinen-kauppa\"><div class=\"vc_col-sm-12 wpb_column vc_column_container\"><div class=\"vc_column-inner\"><div class=\"wpb_wrapper\"><div class=\"wpb_text_column\"><div class=\"wpb_wrapper\"><p><strong>Spr\u00e5kutbildning i finska eller svenska f\u00f6r arbetstagare i f\u00f6retag inom internationell handel.<\/strong><\/p>\n<p>Vi erbjuder privatlektioner i svenska eller finska p\u00e5 arbetsplatsen eller p\u00e5 n\u00e4tet vanligen 1-2 g\u00e5nger i veckan. Vi b\u00f6rjar med att f\u00f6rst\u00e4rka grundkunskaperna i spr\u00e5ket. D\u00e4refter g\u00e5r vi successivt \u00f6ver till att utveckla de spr\u00e5kkunskaper som kr\u00e4vs p\u00e5 arbetsplatsen. \u00c4r det fr\u00e5ga om en till Finland rekryterad person hj\u00e4lper vi \u00e4ven g\u00e4rna till att f\u00e5 de \u00f6vriga familjemedlemmarna integrerade till Finland. D\u00e5 sker undervisningen hemma hos familjen.<\/p>\n<p>En tredjedel av v\u00e5ra kunder kommer fr\u00e5n finansv\u00e4rlden eller internationell handel. Vi har l\u00e5ng erfarenhet och genom \u00e5ren utbildat oss inom omr\u00e5det f\u00f6r att tj\u00e4na v\u00e5ra kunder. Linduistics \u00e4r \u00e4ven en medlem av den Tysk-Finska Handelskammaren.<\/p>\n<\/div><\/div><\/div><\/div><\/div><\/div><div class=\"w-separator size_huge with_line width_default thick_1 style_solid color_border align_center\"><div class=\"w-separator-h\"><\/div><\/div><div class=\"g-cols wpb_row via_flex valign_top type_default stacking_default\" id=\"preppauskurssi\"><div class=\"vc_col-sm-12 wpb_column vc_column_container\"><div class=\"vc_column-inner\"><div class=\"wpb_wrapper\"><div class=\"wpb_text_column\"><div class=\"wpb_wrapper\"><p><strong>F\u00f6rberedande kurser i svenska eller finska f\u00f6r skaffandet av finskt medborgarskap.<\/strong><\/p>\n<p>Vi erbjuder en f\u00f6rberedande spr\u00e5kkurs p\u00e5 arbetsplatsen f\u00f6r att hj\u00e4lpa arbetstagaren att klara av den allm\u00e4nna spr\u00e5kexamen (YKI-examen) p\u00e5 niv\u00e5n 3 eller 5. Ett av kraven f\u00f6r att f\u00e5 medborgarskap i Finland \u00e4r ett avklarat YKI-test p\u00e5 niv\u00e5n 3 antingen p\u00e5 svenska eller finska.<\/p>\n<\/div><\/div><\/div><\/div><\/div><\/div><\/div><\/div><\/div><\/div><\/div><\/section><section class=\"l-section wpb_row height_huge full_height valign_center color_primary with_img parallax_fixed\"><div class=\"l-section-img\" role=\"img\" aria-label=\"Kielikoulutusta yrityksille\" data-img-width=\"1920\" data-img-height=\"1080\" style=\"background-image: url(https:\/\/linduistics.fi\/wp-content\/uploads\/kielikoulutusta-yrityksille.jpg);background-repeat: no-repeat;\"><\/div><div class=\"l-section-h i-cf\"><div class=\"g-cols vc_row via_flex valign_top type_default stacking_default\"><div class=\"vc_col-sm-2 wpb_column vc_column_container\"><div class=\"vc_column-inner\"><div class=\"wpb_wrapper\"><\/div><\/div><\/div><div class=\"vc_col-sm-8 wpb_column vc_column_container\"><div class=\"vc_column-inner\"><div class=\"wpb_wrapper\"><h2 class=\"w-text us_custom_eb849559\"><span class=\"w-text-h\"><span class=\"w-text-value\">Blev du intresserad av skr\u00e4ddarsydd spr\u00e5kutbildning f\u00f6r ert f\u00f6retag?<\/span><\/span><\/h2><div class=\"wpb_text_column ingressi\"><div class=\"wpb_wrapper\"><p style=\"text-align: center;\">Linduistics erbjuder h\u00f6gkvalitativ utbildning i finska, svenska och tyska. Vi skr\u00e4ddarsyr utbildningen enligt ditt f\u00f6retags krav. Kontakta oss g\u00e4rna f\u00f6r att fr\u00e5ga mera och l\u00e5t oss tillsammans f\u00f6rb\u00e4ttra ditt f\u00f6retags spr\u00e5kkunskaper.<\/p>\n<\/div><\/div><div class=\"w-separator size_small\"><\/div><div class=\"w-btn-wrapper align_center\"><a class=\"w-btn us-btn-style_4\" href=\"\/sv\/kontakt\/\"><span class=\"w-btn-label\">Fr\u00e5ga g\u00e4rna<\/span><\/a><\/div><\/div><\/div><\/div><div class=\"vc_col-sm-2 wpb_column vc_column_container\"><div class=\"vc_column-inner\"><div class=\"wpb_wrapper\"><\/div><\/div><\/div><\/div><\/div><\/section>\n","protected":false},"excerpt":{"rendered":"Spr\u00e5kutbildning f\u00f6r f\u00f6retagIndividuell undervisning eller undervisning i grupp, p\u00e5 kontoret eller via n\u00e4tet. Skr\u00e4ddarsydda l\u00f6sningarF\u00f6r arbetstagare med invandrarbakgrund, vars spr\u00e5kkunskaper f\u00f6rsv\u00e5rar samarbetet och anpassningen till arbetsgemenskapen, f\u00f6resl\u00e5r vi gruppundervisning. I spr\u00e5kinl\u00e4rningen anv\u00e4nder vi oss av branschens och f\u00f6retagets egna material. Vi planerar undervisningen utg\u00e5ende fr\u00e5n f\u00f6retagets \u00f6nskem\u00e5l. D\u00e5 arbetstagarna kan arbeta p\u00e5 f\u00f6retagets spr\u00e5k, k\u00e4nner...","protected":false},"author":1,"featured_media":244,"parent":0,"menu_order":2,"comment_status":"closed","ping_status":"closed","template":"","meta":{"footnotes":""},"class_list":["post-275","page","type-page","status-publish","has-post-thumbnail","hentry"],"yoast_head":"<!-- This site is optimized with the Yoast SEO plugin v26.3 - https:\/\/yoast.com\/wordpress\/plugins\/seo\/ -->\n<title>Spr\u00e5kutbildning f\u00f6r f\u00f6retag - Linduistics<\/title>\n<meta name=\"description\" content=\"Individuell undervisning eller undervisning i grupp, p\u00e5 kontoret eller via n\u00e4tet.\" \/>\n<meta name=\"robots\" content=\"index, follow, max-snippet:-1, max-image-preview:large, max-video-preview:-1\" \/>\n<link rel=\"canonical\" href=\"https:\/\/linduistics.fi\/sv\/sprakutbildning\/\" \/>\n<meta property=\"og:locale\" content=\"sv_SE\" \/>\n<meta property=\"og:type\" content=\"article\" \/>\n<meta property=\"og:title\" content=\"Spr\u00e5kutbildning f\u00f6r f\u00f6retag - Linduistics\" \/>\n<meta property=\"og:description\" content=\"Individuell undervisning eller undervisning i grupp, p\u00e5 kontoret eller via n\u00e4tet.\" \/>\n<meta property=\"og:url\" content=\"https:\/\/linduistics.fi\/sv\/sprakutbildning\/\" \/>\n<meta property=\"og:site_name\" content=\"Linduistics\" \/>\n<meta property=\"article:modified_time\" content=\"2025-02-24T14:21:50+00:00\" \/>\n<meta property=\"og:image\" content=\"https:\/\/linduistics.fi\/wp-content\/uploads\/kielikoulutukset.jpg\" \/>\n\t<meta property=\"og:image:width\" content=\"1920\" \/>\n\t<meta property=\"og:image:height\" content=\"1080\" \/>\n\t<meta property=\"og:image:type\" content=\"image\/jpeg\" \/>\n<meta name=\"twitter:card\" content=\"summary_large_image\" \/>\n<meta name=\"twitter:label1\" content=\"Ber\u00e4knad l\u00e4stid\" \/>\n\t<meta name=\"twitter:data1\" content=\"3 minuter\" \/>\n<script type=\"application\/ld+json\" class=\"yoast-schema-graph\">{\"@context\":\"https:\/\/schema.org\",\"@graph\":[{\"@type\":\"WebPage\",\"@id\":\"https:\/\/linduistics.fi\/sv\/sprakutbildning\/\",\"url\":\"https:\/\/linduistics.fi\/sv\/sprakutbildning\/\",\"name\":\"Spr\u00e5kutbildning f\u00f6r f\u00f6retag - Linduistics\",\"isPartOf\":{\"@id\":\"https:\/\/linduistics.fi\/sv\/#website\"},\"primaryImageOfPage\":{\"@id\":\"https:\/\/linduistics.fi\/sv\/sprakutbildning\/#primaryimage\"},\"image\":{\"@id\":\"https:\/\/linduistics.fi\/sv\/sprakutbildning\/#primaryimage\"},\"thumbnailUrl\":\"https:\/\/linduistics.fi\/wp-content\/uploads\/kielikoulutukset.jpg\",\"datePublished\":\"2025-01-27T11:10:29+00:00\",\"dateModified\":\"2025-02-24T14:21:50+00:00\",\"description\":\"Individuell undervisning eller undervisning i grupp, p\u00e5 kontoret eller via n\u00e4tet.\",\"breadcrumb\":{\"@id\":\"https:\/\/linduistics.fi\/sv\/sprakutbildning\/#breadcrumb\"},\"inLanguage\":\"sv-SE\",\"potentialAction\":[{\"@type\":\"ReadAction\",\"target\":[\"https:\/\/linduistics.fi\/sv\/sprakutbildning\/\"]}]},{\"@type\":\"ImageObject\",\"inLanguage\":\"sv-SE\",\"@id\":\"https:\/\/linduistics.fi\/sv\/sprakutbildning\/#primaryimage\",\"url\":\"https:\/\/linduistics.fi\/wp-content\/uploads\/kielikoulutukset.jpg\",\"contentUrl\":\"https:\/\/linduistics.fi\/wp-content\/uploads\/kielikoulutukset.jpg\",\"width\":1920,\"height\":1080},{\"@type\":\"BreadcrumbList\",\"@id\":\"https:\/\/linduistics.fi\/sv\/sprakutbildning\/#breadcrumb\",\"itemListElement\":[{\"@type\":\"ListItem\",\"position\":1,\"name\":\"Etusivu\",\"item\":\"https:\/\/linduistics.fi\/sv\/\"},{\"@type\":\"ListItem\",\"position\":2,\"name\":\"Spr\u00e5kutbildning\"}]},{\"@type\":\"WebSite\",\"@id\":\"https:\/\/linduistics.fi\/sv\/#website\",\"url\":\"https:\/\/linduistics.fi\/sv\/\",\"name\":\"Linduistics\",\"description\":\"Kielikoulutusta yrityksille\",\"potentialAction\":[{\"@type\":\"SearchAction\",\"target\":{\"@type\":\"EntryPoint\",\"urlTemplate\":\"https:\/\/linduistics.fi\/sv\/?s={search_term_string}\"},\"query-input\":{\"@type\":\"PropertyValueSpecification\",\"valueRequired\":true,\"valueName\":\"search_term_string\"}}],\"inLanguage\":\"sv-SE\"}]}<\/script>\n<!-- \/ Yoast SEO plugin. -->","yoast_head_json":{"title":"Spr\u00e5kutbildning f\u00f6r f\u00f6retag - Linduistics","description":"Individuell undervisning eller undervisning i grupp, p\u00e5 kontoret eller via n\u00e4tet.","robots":{"index":"index","follow":"follow","max-snippet":"max-snippet:-1","max-image-preview":"max-image-preview:large","max-video-preview":"max-video-preview:-1"},"canonical":"https:\/\/linduistics.fi\/sv\/sprakutbildning\/","og_locale":"sv_SE","og_type":"article","og_title":"Spr\u00e5kutbildning f\u00f6r f\u00f6retag - Linduistics","og_description":"Individuell undervisning eller undervisning i grupp, p\u00e5 kontoret eller via n\u00e4tet.","og_url":"https:\/\/linduistics.fi\/sv\/sprakutbildning\/","og_site_name":"Linduistics","article_modified_time":"2025-02-24T14:21:50+00:00","og_image":[{"width":1920,"height":1080,"url":"https:\/\/linduistics.fi\/wp-content\/uploads\/kielikoulutukset.jpg","type":"image\/jpeg"}],"twitter_card":"summary_large_image","twitter_misc":{"Ber\u00e4knad l\u00e4stid":"3 minuter"},"schema":{"@context":"https:\/\/schema.org","@graph":[{"@type":"WebPage","@id":"https:\/\/linduistics.fi\/sv\/sprakutbildning\/","url":"https:\/\/linduistics.fi\/sv\/sprakutbildning\/","name":"Spr\u00e5kutbildning f\u00f6r f\u00f6retag - Linduistics","isPartOf":{"@id":"https:\/\/linduistics.fi\/sv\/#website"},"primaryImageOfPage":{"@id":"https:\/\/linduistics.fi\/sv\/sprakutbildning\/#primaryimage"},"image":{"@id":"https:\/\/linduistics.fi\/sv\/sprakutbildning\/#primaryimage"},"thumbnailUrl":"https:\/\/linduistics.fi\/wp-content\/uploads\/kielikoulutukset.jpg","datePublished":"2025-01-27T11:10:29+00:00","dateModified":"2025-02-24T14:21:50+00:00","description":"Individuell undervisning eller undervisning i grupp, p\u00e5 kontoret eller via n\u00e4tet.","breadcrumb":{"@id":"https:\/\/linduistics.fi\/sv\/sprakutbildning\/#breadcrumb"},"inLanguage":"sv-SE","potentialAction":[{"@type":"ReadAction","target":["https:\/\/linduistics.fi\/sv\/sprakutbildning\/"]}]},{"@type":"ImageObject","inLanguage":"sv-SE","@id":"https:\/\/linduistics.fi\/sv\/sprakutbildning\/#primaryimage","url":"https:\/\/linduistics.fi\/wp-content\/uploads\/kielikoulutukset.jpg","contentUrl":"https:\/\/linduistics.fi\/wp-content\/uploads\/kielikoulutukset.jpg","width":1920,"height":1080},{"@type":"BreadcrumbList","@id":"https:\/\/linduistics.fi\/sv\/sprakutbildning\/#breadcrumb","itemListElement":[{"@type":"ListItem","position":1,"name":"Etusivu","item":"https:\/\/linduistics.fi\/sv\/"},{"@type":"ListItem","position":2,"name":"Spr\u00e5kutbildning"}]},{"@type":"WebSite","@id":"https:\/\/linduistics.fi\/sv\/#website","url":"https:\/\/linduistics.fi\/sv\/","name":"Linduistics","description":"Kielikoulutusta yrityksille","potentialAction":[{"@type":"SearchAction","target":{"@type":"EntryPoint","urlTemplate":"https:\/\/linduistics.fi\/sv\/?s={search_term_string}"},"query-input":{"@type":"PropertyValueSpecification","valueRequired":true,"valueName":"search_term_string"}}],"inLanguage":"sv-SE"}]}},"_links":{"self":[{"href":"https:\/\/linduistics.fi\/sv\/wp-json\/wp\/v2\/pages\/275","targetHints":{"allow":["GET"]}}],"collection":[{"href":"https:\/\/linduistics.fi\/sv\/wp-json\/wp\/v2\/pages"}],"about":[{"href":"https:\/\/linduistics.fi\/sv\/wp-json\/wp\/v2\/types\/page"}],"author":[{"embeddable":true,"href":"https:\/\/linduistics.fi\/sv\/wp-json\/wp\/v2\/users\/1"}],"replies":[{"embeddable":true,"href":"https:\/\/linduistics.fi\/sv\/wp-json\/wp\/v2\/comments?post=275"}],"version-history":[{"count":2,"href":"https:\/\/linduistics.fi\/sv\/wp-json\/wp\/v2\/pages\/275\/revisions"}],"predecessor-version":[{"id":315,"href":"https:\/\/linduistics.fi\/sv\/wp-json\/wp\/v2\/pages\/275\/revisions\/315"}],"wp:featuredmedia":[{"embeddable":true,"href":"https:\/\/linduistics.fi\/sv\/wp-json\/wp\/v2\/media\/244"}],"wp:attachment":[{"href":"https:\/\/linduistics.fi\/sv\/wp-json\/wp\/v2\/media?parent=275"}],"curies":[{"name":"wp","href":"https:\/\/api.w.org\/{rel}","templated":true}]}}