{"id":233,"date":"2024-11-27T12:42:29","date_gmt":"2024-11-27T10:42:29","guid":{"rendered":"https:\/\/linduistics.fi\/etusivu\/"},"modified":"2025-02-24T16:21:45","modified_gmt":"2025-02-24T14:21:45","slug":"etusivu","status":"publish","type":"page","link":"https:\/\/linduistics.fi\/sv\/","title":{"rendered":"Spr\u00e5kutbildning f\u00f6r f\u00f6retag"},"content":{"rendered":"<section class=\"l-section wpb_row us_custom_f37ff78e height_medium full_height valign_center color_secondary\"><div class=\"l-section-h i-cf\"><div class=\"g-cols vc_row via_flex valign_top type_default stacking_default\"><div class=\"vc_col-sm-12 wpb_column vc_column_container\"><div class=\"vc_column-inner\"><div class=\"wpb_wrapper\"><div class=\"w-separator size_custom\" style=\"height:220px\" id=\"d23c\"><style>@media(max-width:1024px){ #d23c{height:200px!important}}@media(max-width:600px){ #d23c{height:180px!important}}<\/style><\/div><h1 class=\"w-text us_custom_8f2ba1f4 us_animate_this\"><span class=\"w-text-h\"><span class=\"w-text-value\">Spr\u00e5kutbildning f\u00f6r f\u00f6retag<\/span><\/span><\/h1><p class=\"w-text us_custom_eaca26c6 ingressi us_animate_this\"><span class=\"w-text-h\"><span class=\"w-text-value\">Skr\u00e4ddarsydd spr\u00e5kutbildning enligt dina egna och ditt f\u00f6retags krav<\/span><\/span><\/p><div class=\"w-btn-wrapper align_none\"><a class=\"w-btn us-btn-style_1\" href=\"\/sv\/sprakutbildning\/\"><span class=\"w-btn-label\">Utbildning<\/span><\/a><\/div><div class=\"w-btn-wrapper align_none\"><a class=\"w-btn us-btn-style_4\" href=\"\/sv\/utbildarna\"><span class=\"w-btn-label\">Utbildare<\/span><\/a><\/div><\/div><\/div><\/div><\/div><\/div><\/section><section class=\"l-section wpb_row height_large full_height valign_center\"><div class=\"l-section-h i-cf\"><div class=\"g-cols vc_row via_flex valign_top type_default stacking_default\"><div class=\"vc_col-sm-2 wpb_column vc_column_container\"><div class=\"vc_column-inner\"><div class=\"wpb_wrapper\"><\/div><\/div><\/div><div class=\"vc_col-sm-8 wpb_column vc_column_container\"><div class=\"vc_column-inner\"><div class=\"wpb_wrapper\"><div class=\"wpb_text_column\"><div class=\"wpb_wrapper\"><p><img loading=\"lazy\" decoding=\"async\" class=\"wp-image-95 aligncenter\" src=\"https:\/\/linduistics.fi\/wp-content\/uploads\/Linduistics-logo_RGB.svg\" alt=\"\" width=\"169\" height=\"46\" \/><\/p>\n<\/div><\/div><div class=\"w-separator size_medium\"><\/div><h2 class=\"w-text us_custom_eb849559\"><span class=\"w-text-h\"><span class=\"w-text-value\">Utbildning av h\u00f6g kvalitet i finska, svenska och tyska f\u00f6r olika f\u00f6retag<\/span><\/span><\/h2><div class=\"wpb_text_column\"><div class=\"wpb_wrapper\"><p style=\"text-align: center;\">Vi erbjuder skr\u00e4ddarsydd spr\u00e5kutbildning i finska, svenska och tyska b\u00e5de f\u00f6r nyb\u00f6rjare och l\u00e4ngre hunna studerande. Vi arrangerar h\u00f6gkvalitativ undervisning b\u00e5de individuellt och i grupp. Vi kommer g\u00e4rna till ditt kontor, men vi kan \u00e4ven undervisa via n\u00e4tet.<\/p>\n<\/div><\/div><\/div><\/div><\/div><div class=\"vc_col-sm-2 wpb_column vc_column_container\"><div class=\"vc_column-inner\"><div class=\"wpb_wrapper\"><\/div><\/div><\/div><\/div><\/div><\/section><section class=\"l-section wpb_row height_huge color_alternate with_img\"><div class=\"l-section-img\" role=\"img\" aria-label=\"Bild\" data-img-width=\"1920\" data-img-height=\"1080\" style=\"background-image: url(https:\/\/linduistics.fi\/wp-content\/uploads\/bg.png);background-position: top right;background-repeat: no-repeat;background-size: auto;\"><\/div><div class=\"l-section-h i-cf\"><div class=\"g-cols vc_row via_flex valign_middle type_default stacking_default\"><div class=\"vc_col-sm-6 wpb_column vc_column_container\"><div class=\"vc_column-inner\"><div class=\"wpb_wrapper\"><div class=\"w-image us_custom_b99d620c align_none\"><div class=\"w-image-h\"><img decoding=\"async\" width=\"1024\" height=\"776\" src=\"https:\/\/linduistics.fi\/wp-content\/uploads\/kielikouluttaja-1024x776.jpg\" class=\"attachment-large size-large\" alt=\"\" loading=\"lazy\" srcset=\"https:\/\/linduistics.fi\/wp-content\/uploads\/kielikouluttaja-1024x776.jpg 1024w, https:\/\/linduistics.fi\/wp-content\/uploads\/kielikouluttaja-300x227.jpg 300w, https:\/\/linduistics.fi\/wp-content\/uploads\/kielikouluttaja.jpg 1080w\" sizes=\"auto, (max-width: 1024px) 100vw, 1024px\" \/><\/div><\/div><\/div><\/div><\/div><div class=\"vc_col-sm-6 wpb_column vc_column_container\"><div class=\"vc_column-inner\"><div class=\"wpb_wrapper\"><div class=\"wpb_text_column\"><div class=\"wpb_wrapper\"><h3>Erfarna och yrkeskunniga spr\u00e5kl\u00e4rare<\/h3>\n<p>Vi, dvs Kim Lind\u00e9n, Marjut Heikkinen, Heini Hoisio och Klaus Gr\u00f6nqvist \u00e4r alla spr\u00e5kl\u00e4rare med en l\u00e5ng erfarenhet av spr\u00e5kundervisning inom olika branscher. Vi \u00e4r alla av den \u00e5sikten att man l\u00e4r sig b\u00e4st genom att ha roligt. V\u00e5ra lektioner \u00e4r givande, varierande och med m\u00e5let att ge studerande n\u00e5got nytt varje lektion.<\/p>\n<\/div><\/div><div class=\"w-separator size_small\"><\/div><div class=\"w-btn-wrapper align_none\"><a class=\"w-btn us-btn-style_1\" href=\"\/sv\/utbildarna\"><span class=\"w-btn-label\">V\u00e5ra utbildare<\/span><\/a><\/div><\/div><\/div><\/div><\/div><\/div><\/section><section class=\"l-section wpb_row height_huge full_height valign_center color_primary with_img parallax_fixed\"><div class=\"l-section-img\" role=\"img\" aria-label=\"Kielikoulutuspalvelut\" data-img-width=\"1920\" data-img-height=\"1080\" style=\"background-image: url(https:\/\/linduistics.fi\/wp-content\/uploads\/koulutuspalvelut.jpg);background-repeat: no-repeat;\"><\/div><div class=\"l-section-h i-cf\"><div class=\"g-cols vc_row via_flex valign_top type_default stacking_default\"><div class=\"vc_col-sm-2 wpb_column vc_column_container\"><div class=\"vc_column-inner\"><div class=\"wpb_wrapper\"><\/div><\/div><\/div><div class=\"vc_col-sm-8 wpb_column vc_column_container\"><div class=\"vc_column-inner\"><div class=\"wpb_wrapper\"><h2 class=\"w-text us_custom_eb849559\"><span class=\"w-text-h\"><span class=\"w-text-value\">Spr\u00e5kutbildning f\u00f6r framg\u00e5ng inom arbetslivet<\/span><\/span><\/h2><div class=\"wpb_text_column ingressi\"><div class=\"wpb_wrapper\"><p style=\"text-align: center;\">Vi implementerar g\u00e4rna f\u00f6retagets egna material i v\u00e5r undervisning. D\u00e5 studerande fort ser nyttan med det inl\u00e4rda i b\u00e5de arbete och vardag v\u00e4xer motivationen f\u00f6r vidare studier, Vi skr\u00e4ddarsyr alltid v\u00e5r utbildning f\u00f6r just dina m\u00e5l, f\u00f6ruts\u00e4ttningar och studietakt.<\/p>\n<\/div><\/div><div class=\"w-separator size_small\"><\/div><div class=\"w-btn-wrapper align_center\"><a class=\"w-btn us-btn-style_4\" href=\"\/sv\/kontakt\"><span class=\"w-btn-label\">Fr\u00e5ga mera<\/span><\/a><\/div><\/div><\/div><\/div><div class=\"vc_col-sm-2 wpb_column vc_column_container\"><div class=\"vc_column-inner\"><div class=\"wpb_wrapper\"><\/div><\/div><\/div><\/div><\/div><\/section>\n","protected":false},"excerpt":{"rendered":"Spr\u00e5kutbildning f\u00f6r f\u00f6retagSkr\u00e4ddarsydd spr\u00e5kutbildning enligt dina egna och ditt f\u00f6retags kravUtbildningUtbildare Utbildning av h\u00f6g kvalitet i finska, svenska och tyska f\u00f6r olika f\u00f6retagVi erbjuder skr\u00e4ddarsydd spr\u00e5kutbildning i finska, svenska och tyska b\u00e5de f\u00f6r nyb\u00f6rjare och l\u00e4ngre hunna studerande. Vi arrangerar h\u00f6gkvalitativ undervisning b\u00e5de individuellt och i grupp. Vi kommer g\u00e4rna till ditt kontor, men vi...","protected":false},"author":1,"featured_media":235,"parent":0,"menu_order":1,"comment_status":"closed","ping_status":"closed","template":"","meta":{"footnotes":""},"class_list":["post-233","page","type-page","status-publish","has-post-thumbnail","hentry"],"yoast_head":"<!-- This site is optimized with the Yoast SEO plugin v26.3 - https:\/\/yoast.com\/wordpress\/plugins\/seo\/ -->\n<title>Spr\u00e5kutbildning f\u00f6r f\u00f6retag - Linduistics<\/title>\n<meta name=\"description\" content=\"Skr\u00e4ddarsydd spr\u00e5kutbildning enligt dina egna och ditt f\u00f6retags krav.\" \/>\n<meta name=\"robots\" content=\"index, follow, max-snippet:-1, max-image-preview:large, max-video-preview:-1\" \/>\n<link rel=\"canonical\" href=\"https:\/\/linduistics.fi\/sv\/\" \/>\n<meta property=\"og:locale\" content=\"sv_SE\" \/>\n<meta property=\"og:type\" content=\"article\" \/>\n<meta property=\"og:title\" content=\"Spr\u00e5kutbildning f\u00f6r f\u00f6retag - Linduistics\" \/>\n<meta property=\"og:description\" content=\"Skr\u00e4ddarsydd spr\u00e5kutbildning enligt dina egna och ditt f\u00f6retags krav.\" \/>\n<meta property=\"og:url\" content=\"https:\/\/linduistics.fi\/sv\/\" \/>\n<meta property=\"og:site_name\" content=\"Linduistics\" \/>\n<meta property=\"article:modified_time\" content=\"2025-02-24T14:21:45+00:00\" \/>\n<meta property=\"og:image\" content=\"https:\/\/linduistics.fi\/wp-content\/uploads\/fb-linduistics.jpg\" \/>\n\t<meta property=\"og:image:width\" content=\"1200\" \/>\n\t<meta property=\"og:image:height\" content=\"630\" \/>\n\t<meta property=\"og:image:type\" content=\"image\/jpeg\" \/>\n<meta name=\"twitter:card\" content=\"summary_large_image\" \/>\n<meta name=\"twitter:label1\" content=\"Ber\u00e4knad l\u00e4stid\" \/>\n\t<meta name=\"twitter:data1\" content=\"2 minuter\" \/>\n<script type=\"application\/ld+json\" class=\"yoast-schema-graph\">{\"@context\":\"https:\/\/schema.org\",\"@graph\":[{\"@type\":\"WebPage\",\"@id\":\"https:\/\/linduistics.fi\/sv\/\",\"url\":\"https:\/\/linduistics.fi\/sv\/\",\"name\":\"Spr\u00e5kutbildning f\u00f6r f\u00f6retag - Linduistics\",\"isPartOf\":{\"@id\":\"https:\/\/linduistics.fi\/sv\/#website\"},\"primaryImageOfPage\":{\"@id\":\"https:\/\/linduistics.fi\/sv\/#primaryimage\"},\"image\":{\"@id\":\"https:\/\/linduistics.fi\/sv\/#primaryimage\"},\"thumbnailUrl\":\"https:\/\/linduistics.fi\/wp-content\/uploads\/fb-linduistics.jpg\",\"datePublished\":\"2024-11-27T10:42:29+00:00\",\"dateModified\":\"2025-02-24T14:21:45+00:00\",\"description\":\"Skr\u00e4ddarsydd spr\u00e5kutbildning enligt dina egna och ditt f\u00f6retags krav.\",\"breadcrumb\":{\"@id\":\"https:\/\/linduistics.fi\/sv\/#breadcrumb\"},\"inLanguage\":\"sv-SE\",\"potentialAction\":[{\"@type\":\"ReadAction\",\"target\":[\"https:\/\/linduistics.fi\/sv\/\"]}]},{\"@type\":\"ImageObject\",\"inLanguage\":\"sv-SE\",\"@id\":\"https:\/\/linduistics.fi\/sv\/#primaryimage\",\"url\":\"https:\/\/linduistics.fi\/wp-content\/uploads\/fb-linduistics.jpg\",\"contentUrl\":\"https:\/\/linduistics.fi\/wp-content\/uploads\/fb-linduistics.jpg\",\"width\":1200,\"height\":630},{\"@type\":\"BreadcrumbList\",\"@id\":\"https:\/\/linduistics.fi\/sv\/#breadcrumb\",\"itemListElement\":[{\"@type\":\"ListItem\",\"position\":1,\"name\":\"Etusivu\",\"item\":\"https:\/\/linduistics.fi\/sv\/\"},{\"@type\":\"ListItem\",\"position\":2,\"name\":\"Spr\u00e5kutbildning f\u00f6r f\u00f6retag\"}]},{\"@type\":\"WebSite\",\"@id\":\"https:\/\/linduistics.fi\/sv\/#website\",\"url\":\"https:\/\/linduistics.fi\/sv\/\",\"name\":\"Linduistics\",\"description\":\"Kielikoulutusta yrityksille\",\"potentialAction\":[{\"@type\":\"SearchAction\",\"target\":{\"@type\":\"EntryPoint\",\"urlTemplate\":\"https:\/\/linduistics.fi\/sv\/?s={search_term_string}\"},\"query-input\":{\"@type\":\"PropertyValueSpecification\",\"valueRequired\":true,\"valueName\":\"search_term_string\"}}],\"inLanguage\":\"sv-SE\"}]}<\/script>\n<!-- \/ Yoast SEO plugin. -->","yoast_head_json":{"title":"Spr\u00e5kutbildning f\u00f6r f\u00f6retag - Linduistics","description":"Skr\u00e4ddarsydd spr\u00e5kutbildning enligt dina egna och ditt f\u00f6retags krav.","robots":{"index":"index","follow":"follow","max-snippet":"max-snippet:-1","max-image-preview":"max-image-preview:large","max-video-preview":"max-video-preview:-1"},"canonical":"https:\/\/linduistics.fi\/sv\/","og_locale":"sv_SE","og_type":"article","og_title":"Spr\u00e5kutbildning f\u00f6r f\u00f6retag - Linduistics","og_description":"Skr\u00e4ddarsydd spr\u00e5kutbildning enligt dina egna och ditt f\u00f6retags krav.","og_url":"https:\/\/linduistics.fi\/sv\/","og_site_name":"Linduistics","article_modified_time":"2025-02-24T14:21:45+00:00","og_image":[{"width":1200,"height":630,"url":"https:\/\/linduistics.fi\/wp-content\/uploads\/fb-linduistics.jpg","type":"image\/jpeg"}],"twitter_card":"summary_large_image","twitter_misc":{"Ber\u00e4knad l\u00e4stid":"2 minuter"},"schema":{"@context":"https:\/\/schema.org","@graph":[{"@type":"WebPage","@id":"https:\/\/linduistics.fi\/sv\/","url":"https:\/\/linduistics.fi\/sv\/","name":"Spr\u00e5kutbildning f\u00f6r f\u00f6retag - Linduistics","isPartOf":{"@id":"https:\/\/linduistics.fi\/sv\/#website"},"primaryImageOfPage":{"@id":"https:\/\/linduistics.fi\/sv\/#primaryimage"},"image":{"@id":"https:\/\/linduistics.fi\/sv\/#primaryimage"},"thumbnailUrl":"https:\/\/linduistics.fi\/wp-content\/uploads\/fb-linduistics.jpg","datePublished":"2024-11-27T10:42:29+00:00","dateModified":"2025-02-24T14:21:45+00:00","description":"Skr\u00e4ddarsydd spr\u00e5kutbildning enligt dina egna och ditt f\u00f6retags krav.","breadcrumb":{"@id":"https:\/\/linduistics.fi\/sv\/#breadcrumb"},"inLanguage":"sv-SE","potentialAction":[{"@type":"ReadAction","target":["https:\/\/linduistics.fi\/sv\/"]}]},{"@type":"ImageObject","inLanguage":"sv-SE","@id":"https:\/\/linduistics.fi\/sv\/#primaryimage","url":"https:\/\/linduistics.fi\/wp-content\/uploads\/fb-linduistics.jpg","contentUrl":"https:\/\/linduistics.fi\/wp-content\/uploads\/fb-linduistics.jpg","width":1200,"height":630},{"@type":"BreadcrumbList","@id":"https:\/\/linduistics.fi\/sv\/#breadcrumb","itemListElement":[{"@type":"ListItem","position":1,"name":"Etusivu","item":"https:\/\/linduistics.fi\/sv\/"},{"@type":"ListItem","position":2,"name":"Spr\u00e5kutbildning f\u00f6r f\u00f6retag"}]},{"@type":"WebSite","@id":"https:\/\/linduistics.fi\/sv\/#website","url":"https:\/\/linduistics.fi\/sv\/","name":"Linduistics","description":"Kielikoulutusta yrityksille","potentialAction":[{"@type":"SearchAction","target":{"@type":"EntryPoint","urlTemplate":"https:\/\/linduistics.fi\/sv\/?s={search_term_string}"},"query-input":{"@type":"PropertyValueSpecification","valueRequired":true,"valueName":"search_term_string"}}],"inLanguage":"sv-SE"}]}},"_links":{"self":[{"href":"https:\/\/linduistics.fi\/sv\/wp-json\/wp\/v2\/pages\/233","targetHints":{"allow":["GET"]}}],"collection":[{"href":"https:\/\/linduistics.fi\/sv\/wp-json\/wp\/v2\/pages"}],"about":[{"href":"https:\/\/linduistics.fi\/sv\/wp-json\/wp\/v2\/types\/page"}],"author":[{"embeddable":true,"href":"https:\/\/linduistics.fi\/sv\/wp-json\/wp\/v2\/users\/1"}],"replies":[{"embeddable":true,"href":"https:\/\/linduistics.fi\/sv\/wp-json\/wp\/v2\/comments?post=233"}],"version-history":[{"count":5,"href":"https:\/\/linduistics.fi\/sv\/wp-json\/wp\/v2\/pages\/233\/revisions"}],"predecessor-version":[{"id":353,"href":"https:\/\/linduistics.fi\/sv\/wp-json\/wp\/v2\/pages\/233\/revisions\/353"}],"wp:featuredmedia":[{"embeddable":true,"href":"https:\/\/linduistics.fi\/sv\/wp-json\/wp\/v2\/media\/235"}],"wp:attachment":[{"href":"https:\/\/linduistics.fi\/sv\/wp-json\/wp\/v2\/media?parent=233"}],"curies":[{"name":"wp","href":"https:\/\/api.w.org\/{rel}","templated":true}]}}